{"id":968,"date":"2025-02-01T00:34:49","date_gmt":"2025-02-01T00:34:49","guid":{"rendered":"https:\/\/zetcreativo.com\/?page_id=968"},"modified":"2025-02-17T03:56:44","modified_gmt":"2025-02-17T03:56:44","slug":"tarjetasdepresentacion","status":"publish","type":"page","link":"https:\/\/zetcreativo.com\/index.php\/tarjetasdepresentacion\/","title":{"rendered":"TARJETAS DE PRESENTACION"},"content":{"rendered":"\t\t<div data-elementor-type=\"wp-page\" data-elementor-id=\"968\" class=\"elementor elementor-968\" data-elementor-post-type=\"page\">\n\t\t\t\t\t\t<section class=\"elementor-section elementor-top-section elementor-element elementor-element-57d49f0 elementor-section-boxed elementor-section-height-default elementor-section-height-default\" data-id=\"57d49f0\" data-element_type=\"section\" data-e-type=\"section\">\n\t\t\t\t\t\t<div class=\"elementor-container elementor-column-gap-default\">\n\t\t\t\t\t<div class=\"elementor-column elementor-col-100 elementor-top-column elementor-element elementor-element-cad5a60\" data-id=\"cad5a60\" data-element_type=\"column\" data-e-type=\"column\">\n\t\t\t<div class=\"elementor-widget-wrap elementor-element-populated\">\n\t\t\t\t\t\t<div class=\"elementor-element elementor-element-4c84327 elementor-widget elementor-widget-text-editor\" data-id=\"4c84327\" data-element_type=\"widget\" data-e-type=\"widget\" data-widget_type=\"text-editor.default\">\n\t\t\t\t\t\t\t\t\t<p><strong>TARJETAS DE PRESENTACION<\/strong><\/p>\t\t\t\t\t\t\t\t<\/div>\n\t\t\t\t\t<\/div>\n\t\t<\/div>\n\t\t\t\t\t<\/div>\n\t\t<\/section>\n\t\t\t\t<section class=\"elementor-section elementor-top-section elementor-element elementor-element-599708d elementor-section-boxed elementor-section-height-default elementor-section-height-default\" data-id=\"599708d\" data-element_type=\"section\" data-e-type=\"section\">\n\t\t\t\t\t\t<div class=\"elementor-container elementor-column-gap-default\">\n\t\t\t\t\t<div class=\"elementor-column elementor-col-100 elementor-top-column elementor-element elementor-element-9dd8226\" data-id=\"9dd8226\" data-element_type=\"column\" data-e-type=\"column\">\n\t\t\t<div class=\"elementor-widget-wrap elementor-element-populated\">\n\t\t\t\t\t\t<div class=\"elementor-element elementor-element-271718f elementor-widget__width-initial elementor-widget elementor-widget-video\" data-id=\"271718f\" data-element_type=\"widget\" data-e-type=\"widget\" data-settings=\"{&quot;video_type&quot;:&quot;hosted&quot;,&quot;controls&quot;:&quot;yes&quot;}\" data-widget_type=\"video.default\">\n\t\t\t\t\t\t\t<div class=\"e-hosted-video elementor-wrapper elementor-open-inline\">\n\t\t\t\t\t<video class=\"elementor-video\" src=\"https:\/\/zetcreativo.com\/wp-content\/uploads\/2025\/02\/Tarjetas-de-presentacion.mov\" controls=\"\" preload=\"metadata\" controlsList=\"nodownload\"><\/video>\n\t\t\t\t<\/div>\n\t\t\t\t\t\t<\/div>\n\t\t\t\t\t<\/div>\n\t\t<\/div>\n\t\t\t\t\t<\/div>\n\t\t<\/section>\n\t\t\t\t<section class=\"elementor-section elementor-top-section elementor-element elementor-element-d89df6d elementor-section-boxed elementor-section-height-default elementor-section-height-default\" data-id=\"d89df6d\" data-element_type=\"section\" data-e-type=\"section\">\n\t\t\t\t\t\t<div class=\"elementor-container elementor-column-gap-default\">\n\t\t\t\t\t<div class=\"elementor-column elementor-col-100 elementor-top-column elementor-element elementor-element-41bccf3\" data-id=\"41bccf3\" data-element_type=\"column\" data-e-type=\"column\">\n\t\t\t<div class=\"elementor-widget-wrap elementor-element-populated\">\n\t\t\t\t\t\t<div class=\"elementor-element elementor-element-f3abfc2 elementor-widget elementor-widget-text-editor\" data-id=\"f3abfc2\" data-element_type=\"widget\" data-e-type=\"widget\" data-widget_type=\"text-editor.default\">\n\t\t\t\t\t\t\t\t\t<p><span style=\"color: #000000;\">Una tarjeta de presentaci\u00f3n bien dise\u00f1ada puede causar una buena primera impresi\u00f3n y transmitir profesionalismo.<\/span><\/p><p><span style=\"color: #000000;\">Proporciona a las personas una forma f\u00e1cil y r\u00e1pida de ponerse en contacto contigo. Es una herramienta \u00fatil para establecer y mantener relaciones profesionales.<\/span><\/p><p><span style=\"color: #000000;\">Ayuda a reforzar la identidad de tu marca o negocio.<\/span><\/p><p><span style=\"color: #000000;\">Es una forma conveniente de compartir tu informaci\u00f3n de contacto de manera r\u00e1pida. Adem\u00e1s, existe variedad de opciones que se ajustan a tus gustos o necesidades, hablando de tarjetas de presentaci\u00f3n.<\/span><\/p>\t\t\t\t\t\t\t\t<\/div>\n\t\t\t\t\t<\/div>\n\t\t<\/div>\n\t\t\t\t\t<\/div>\n\t\t<\/section>\n\t\t\t\t<\/div>\n\t\t","protected":false},"excerpt":{"rendered":"<p>TARJETAS DE PRESENTACION https:\/\/zetcreativo.com\/wp-content\/uploads\/2025\/02\/Tarjetas-de-presentacion.mov Una tarjeta de presentaci\u00f3n bien dise\u00f1ada puede causar una buena primera impresi\u00f3n y transmitir profesionalismo. Proporciona a las personas una forma f\u00e1cil y r\u00e1pida de ponerse en contacto contigo. Es una herramienta \u00fatil para establecer y mantener relaciones profesionales. Ayuda a reforzar la identidad de tu marca o negocio. Es una [&hellip;]<\/p>\n","protected":false},"author":1,"featured_media":0,"parent":0,"menu_order":0,"comment_status":"closed","ping_status":"closed","template":"elementor_header_footer","meta":{"om_disable_all_campaigns":false,"_monsterinsights_skip_tracking":false,"_monsterinsights_sitenote_active":false,"_monsterinsights_sitenote_note":"","_monsterinsights_sitenote_category":0,"footnotes":""},"class_list":["post-968","page","type-page","status-publish","hentry"],"yoast_head":"<!-- This site is optimized with the Yoast SEO Premium plugin v27.1 (Yoast SEO v27.1.1) - https:\/\/yoast.com\/product\/yoast-seo-premium-wordpress\/ -->\n<title>TARJETAS DE PRESENTACION -<\/title>\n<meta name=\"description\" content=\"Tarjetas de presentaci\u00f3n digitales o impresas. Tarjetas de proximidad para bolsillo o celular. C\u00f3digos QR. Comparte tu informaci\u00f3n r\u00e1pidamente\" \/>\n<meta name=\"robots\" content=\"index, follow, max-snippet:-1, max-image-preview:large, max-video-preview:-1\" \/>\n<link rel=\"canonical\" href=\"https:\/\/zetcreativo.com\/index.php\/tarjetasdepresentacion\/\" \/>\n<meta property=\"og:locale\" content=\"en_US\" \/>\n<meta property=\"og:type\" content=\"article\" \/>\n<meta property=\"og:title\" content=\"TARJETAS DE PRESENTACION\" \/>\n<meta property=\"og:description\" content=\"Tarjetas de presentaci\u00f3n digitales o impresas. Tarjetas de proximidad para bolsillo o celular. C\u00f3digos QR. Comparte tu informaci\u00f3n r\u00e1pidamente\" \/>\n<meta property=\"og:url\" content=\"https:\/\/zetcreativo.com\/index.php\/tarjetasdepresentacion\/\" \/>\n<meta property=\"article:publisher\" content=\"https:\/\/www.facebook.com\/zetcreativomx\" \/>\n<meta property=\"article:modified_time\" content=\"2025-02-17T03:56:44+00:00\" \/>\n<meta name=\"twitter:card\" content=\"summary_large_image\" \/>\n<meta name=\"twitter:label1\" content=\"Est. reading time\" \/>\n\t<meta name=\"twitter:data1\" content=\"1 minute\" \/>\n<script type=\"application\/ld+json\" class=\"yoast-schema-graph\">{\"@context\":\"https:\/\/schema.org\",\"@graph\":[{\"@type\":\"WebPage\",\"@id\":\"https:\/\/zetcreativo.com\/index.php\/tarjetasdepresentacion\/\",\"url\":\"https:\/\/zetcreativo.com\/index.php\/tarjetasdepresentacion\/\",\"name\":\"TARJETAS DE PRESENTACION -\",\"isPartOf\":{\"@id\":\"https:\/\/zetcreativo.com\/#website\"},\"datePublished\":\"2025-02-01T00:34:49+00:00\",\"dateModified\":\"2025-02-17T03:56:44+00:00\",\"description\":\"Tarjetas de presentaci\u00f3n digitales o impresas. Tarjetas de proximidad para bolsillo o celular. C\u00f3digos QR. Comparte tu informaci\u00f3n r\u00e1pidamente\",\"breadcrumb\":{\"@id\":\"https:\/\/zetcreativo.com\/index.php\/tarjetasdepresentacion\/#breadcrumb\"},\"inLanguage\":\"en-US\",\"potentialAction\":[{\"@type\":\"ReadAction\",\"target\":[\"https:\/\/zetcreativo.com\/index.php\/tarjetasdepresentacion\/\"]}]},{\"@type\":\"BreadcrumbList\",\"@id\":\"https:\/\/zetcreativo.com\/index.php\/tarjetasdepresentacion\/#breadcrumb\",\"itemListElement\":[{\"@type\":\"ListItem\",\"position\":1,\"name\":\"Inicio\",\"item\":\"https:\/\/zetcreativo.com\/\"},{\"@type\":\"ListItem\",\"position\":2,\"name\":\"TARJETAS DE PRESENTACION\"}]},{\"@type\":\"WebSite\",\"@id\":\"https:\/\/zetcreativo.com\/#website\",\"url\":\"https:\/\/zetcreativo.com\/\",\"name\":\"www.zetcreativo.com\",\"description\":\"\",\"publisher\":{\"@id\":\"https:\/\/zetcreativo.com\/#organization\"},\"potentialAction\":[{\"@type\":\"SearchAction\",\"target\":{\"@type\":\"EntryPoint\",\"urlTemplate\":\"https:\/\/zetcreativo.com\/?s={search_term_string}\"},\"query-input\":{\"@type\":\"PropertyValueSpecification\",\"valueRequired\":true,\"valueName\":\"search_term_string\"}}],\"inLanguage\":\"en-US\"},{\"@type\":\"Organization\",\"@id\":\"https:\/\/zetcreativo.com\/#organization\",\"name\":\"Zet Creativo\",\"url\":\"https:\/\/zetcreativo.com\/\",\"logo\":{\"@type\":\"ImageObject\",\"inLanguage\":\"en-US\",\"@id\":\"https:\/\/zetcreativo.com\/#\/schema\/logo\/image\/\",\"url\":\"https:\/\/zetcreativo.com\/wp-content\/uploads\/2023\/03\/Icono-blanco-512x512-1.png\",\"contentUrl\":\"https:\/\/zetcreativo.com\/wp-content\/uploads\/2023\/03\/Icono-blanco-512x512-1.png\",\"width\":512,\"height\":512,\"caption\":\"Zet Creativo\"},\"image\":{\"@id\":\"https:\/\/zetcreativo.com\/#\/schema\/logo\/image\/\"},\"sameAs\":[\"https:\/\/www.facebook.com\/zetcreativomx\"]}]}<\/script>\n<!-- \/ Yoast SEO Premium plugin. -->","yoast_head_json":{"title":"TARJETAS DE PRESENTACION -","description":"Tarjetas de presentaci\u00f3n digitales o impresas. Tarjetas de proximidad para bolsillo o celular. C\u00f3digos QR. Comparte tu informaci\u00f3n r\u00e1pidamente","robots":{"index":"index","follow":"follow","max-snippet":"max-snippet:-1","max-image-preview":"max-image-preview:large","max-video-preview":"max-video-preview:-1"},"canonical":"https:\/\/zetcreativo.com\/index.php\/tarjetasdepresentacion\/","og_locale":"en_US","og_type":"article","og_title":"TARJETAS DE PRESENTACION","og_description":"Tarjetas de presentaci\u00f3n digitales o impresas. Tarjetas de proximidad para bolsillo o celular. C\u00f3digos QR. Comparte tu informaci\u00f3n r\u00e1pidamente","og_url":"https:\/\/zetcreativo.com\/index.php\/tarjetasdepresentacion\/","article_publisher":"https:\/\/www.facebook.com\/zetcreativomx","article_modified_time":"2025-02-17T03:56:44+00:00","twitter_card":"summary_large_image","twitter_misc":{"Est. reading time":"1 minute"},"schema":{"@context":"https:\/\/schema.org","@graph":[{"@type":"WebPage","@id":"https:\/\/zetcreativo.com\/index.php\/tarjetasdepresentacion\/","url":"https:\/\/zetcreativo.com\/index.php\/tarjetasdepresentacion\/","name":"TARJETAS DE PRESENTACION -","isPartOf":{"@id":"https:\/\/zetcreativo.com\/#website"},"datePublished":"2025-02-01T00:34:49+00:00","dateModified":"2025-02-17T03:56:44+00:00","description":"Tarjetas de presentaci\u00f3n digitales o impresas. Tarjetas de proximidad para bolsillo o celular. C\u00f3digos QR. Comparte tu informaci\u00f3n r\u00e1pidamente","breadcrumb":{"@id":"https:\/\/zetcreativo.com\/index.php\/tarjetasdepresentacion\/#breadcrumb"},"inLanguage":"en-US","potentialAction":[{"@type":"ReadAction","target":["https:\/\/zetcreativo.com\/index.php\/tarjetasdepresentacion\/"]}]},{"@type":"BreadcrumbList","@id":"https:\/\/zetcreativo.com\/index.php\/tarjetasdepresentacion\/#breadcrumb","itemListElement":[{"@type":"ListItem","position":1,"name":"Inicio","item":"https:\/\/zetcreativo.com\/"},{"@type":"ListItem","position":2,"name":"TARJETAS DE PRESENTACION"}]},{"@type":"WebSite","@id":"https:\/\/zetcreativo.com\/#website","url":"https:\/\/zetcreativo.com\/","name":"www.zetcreativo.com","description":"","publisher":{"@id":"https:\/\/zetcreativo.com\/#organization"},"potentialAction":[{"@type":"SearchAction","target":{"@type":"EntryPoint","urlTemplate":"https:\/\/zetcreativo.com\/?s={search_term_string}"},"query-input":{"@type":"PropertyValueSpecification","valueRequired":true,"valueName":"search_term_string"}}],"inLanguage":"en-US"},{"@type":"Organization","@id":"https:\/\/zetcreativo.com\/#organization","name":"Zet Creativo","url":"https:\/\/zetcreativo.com\/","logo":{"@type":"ImageObject","inLanguage":"en-US","@id":"https:\/\/zetcreativo.com\/#\/schema\/logo\/image\/","url":"https:\/\/zetcreativo.com\/wp-content\/uploads\/2023\/03\/Icono-blanco-512x512-1.png","contentUrl":"https:\/\/zetcreativo.com\/wp-content\/uploads\/2023\/03\/Icono-blanco-512x512-1.png","width":512,"height":512,"caption":"Zet Creativo"},"image":{"@id":"https:\/\/zetcreativo.com\/#\/schema\/logo\/image\/"},"sameAs":["https:\/\/www.facebook.com\/zetcreativomx"]}]}},"jetpack_sharing_enabled":true,"_links":{"self":[{"href":"https:\/\/zetcreativo.com\/index.php\/wp-json\/wp\/v2\/pages\/968","targetHints":{"allow":["GET"]}}],"collection":[{"href":"https:\/\/zetcreativo.com\/index.php\/wp-json\/wp\/v2\/pages"}],"about":[{"href":"https:\/\/zetcreativo.com\/index.php\/wp-json\/wp\/v2\/types\/page"}],"author":[{"embeddable":true,"href":"https:\/\/zetcreativo.com\/index.php\/wp-json\/wp\/v2\/users\/1"}],"replies":[{"embeddable":true,"href":"https:\/\/zetcreativo.com\/index.php\/wp-json\/wp\/v2\/comments?post=968"}],"version-history":[{"count":19,"href":"https:\/\/zetcreativo.com\/index.php\/wp-json\/wp\/v2\/pages\/968\/revisions"}],"predecessor-version":[{"id":1069,"href":"https:\/\/zetcreativo.com\/index.php\/wp-json\/wp\/v2\/pages\/968\/revisions\/1069"}],"wp:attachment":[{"href":"https:\/\/zetcreativo.com\/index.php\/wp-json\/wp\/v2\/media?parent=968"}],"curies":[{"name":"wp","href":"https:\/\/api.w.org\/{rel}","templated":true}]}}