{"id":528,"date":"2023-09-12T00:05:31","date_gmt":"2023-09-12T00:05:31","guid":{"rendered":"https:\/\/zetcreativo.com\/?page_id=528"},"modified":"2025-06-11T01:03:46","modified_gmt":"2025-06-11T01:03:46","slug":"catalogomanualdigital","status":"publish","type":"page","link":"https:\/\/zetcreativo.com\/index.php\/catalogomanualdigital\/","title":{"rendered":"MANUAL DE CAPACITACION DIGITAL INTERACTIVO"},"content":{"rendered":"\t\t<div data-elementor-type=\"wp-page\" data-elementor-id=\"528\" class=\"elementor elementor-528\" data-elementor-post-type=\"page\">\n\t\t\t\t\t\t<section class=\"elementor-section elementor-top-section elementor-element elementor-element-dc22a9d elementor-section-boxed elementor-section-height-default elementor-section-height-default\" data-id=\"dc22a9d\" data-element_type=\"section\" data-e-type=\"section\">\n\t\t\t\t\t\t<div class=\"elementor-container elementor-column-gap-default\">\n\t\t\t\t\t<div class=\"elementor-column elementor-col-100 elementor-top-column elementor-element elementor-element-a25c73d\" data-id=\"a25c73d\" data-element_type=\"column\" data-e-type=\"column\">\n\t\t\t<div class=\"elementor-widget-wrap elementor-element-populated\">\n\t\t\t\t\t\t<div class=\"elementor-element elementor-element-99153cb elementor-widget elementor-widget-text-editor\" data-id=\"99153cb\" data-element_type=\"widget\" data-e-type=\"widget\" data-widget_type=\"text-editor.default\">\n\t\t\t\t\t\t\t\t\t<p><strong>\u00a0<\/strong><\/p><p><strong>MANUAL DE CAPACITACION DIGITAL INTERACTIVO<\/strong><\/p><p><strong>\u00a0<\/strong><\/p>\t\t\t\t\t\t\t\t<\/div>\n\t\t\t\t<div class=\"elementor-element elementor-element-a326c43 elementor--h-position-center elementor--v-position-middle elementor-arrows-position-inside elementor-pagination-position-inside elementor-widget elementor-widget-slides\" data-id=\"a326c43\" data-element_type=\"widget\" data-e-type=\"widget\" data-settings=\"{&quot;navigation&quot;:&quot;both&quot;,&quot;autoplay&quot;:&quot;yes&quot;,&quot;pause_on_hover&quot;:&quot;yes&quot;,&quot;pause_on_interaction&quot;:&quot;yes&quot;,&quot;autoplay_speed&quot;:5000,&quot;infinite&quot;:&quot;yes&quot;,&quot;transition&quot;:&quot;slide&quot;,&quot;transition_speed&quot;:500}\" data-widget_type=\"slides.default\">\n\t\t\t\t\t\t\t\t\t\t<div class=\"elementor-slides-wrapper elementor-main-swiper swiper\" role=\"region\" aria-roledescription=\"carousel\" aria-label=\"Manual de capacitacion digital interactivo\" dir=\"ltr\" data-animation=\"fadeInUp\">\n\t\t\t\t<div class=\"swiper-wrapper elementor-slides\">\n\t\t\t\t\t\t\t\t\t\t<div class=\"elementor-repeater-item-c264fbd swiper-slide\" role=\"group\" aria-roledescription=\"slide\"><div class=\"swiper-slide-bg\" role=\"img\" aria-label=\"Cropped view of freelancer working with touchpad at home. Woman using tablet at white desk with cup of tea. Mobile computer concept\"><\/div><div class=\"swiper-slide-inner\" ><div class=\"swiper-slide-contents\"><\/div><\/div><\/div>\t\t\t\t<\/div>\n\t\t\t\t\t\t\t<\/div>\n\t\t\t\t\t\t\t\t<\/div>\n\t\t\t\t\t<\/div>\n\t\t<\/div>\n\t\t\t\t\t<\/div>\n\t\t<\/section>\n\t\t\t\t<section class=\"elementor-section elementor-top-section elementor-element elementor-element-e795b4a elementor-section-boxed elementor-section-height-default elementor-section-height-default\" data-id=\"e795b4a\" data-element_type=\"section\" data-e-type=\"section\">\n\t\t\t\t\t\t<div class=\"elementor-container elementor-column-gap-default\">\n\t\t\t\t\t<div class=\"elementor-column elementor-col-100 elementor-top-column elementor-element elementor-element-279d6e8\" data-id=\"279d6e8\" data-element_type=\"column\" data-e-type=\"column\">\n\t\t\t<div class=\"elementor-widget-wrap elementor-element-populated\">\n\t\t\t\t\t\t<div class=\"elementor-element elementor-element-22a4fe4 elementor-widget elementor-widget-text-editor\" data-id=\"22a4fe4\" data-element_type=\"widget\" data-e-type=\"widget\" data-widget_type=\"text-editor.default\">\n\t\t\t\t\t\t\t\t\t<p><span style=\"color: #333333;\">En estos tiempos, en los que, es com\u00fan el uso de los medios electr\u00f3nicos, y, contribuyendo al cuidado del medio ambiente, es de gran ayuda la realizaci\u00f3n de cat\u00e1logos o manuales digitales.<\/span><\/p><p><span style=\"color: #333333;\">Los puedes compartir por medio de un link f\u00e1cilmente a tus clientes o empleados.<\/span><\/p>\t\t\t\t\t\t\t\t<\/div>\n\t\t\t\t\t<\/div>\n\t\t<\/div>\n\t\t\t\t\t<\/div>\n\t\t<\/section>\n\t\t\t\t<section class=\"elementor-section elementor-top-section elementor-element elementor-element-51f394b elementor-section-boxed elementor-section-height-default elementor-section-height-default\" data-id=\"51f394b\" data-element_type=\"section\" data-e-type=\"section\">\n\t\t\t\t\t\t<div class=\"elementor-container elementor-column-gap-default\">\n\t\t\t\t\t<div class=\"elementor-column elementor-col-100 elementor-top-column elementor-element elementor-element-d705255\" data-id=\"d705255\" data-element_type=\"column\" data-e-type=\"column\">\n\t\t\t<div class=\"elementor-widget-wrap elementor-element-populated\">\n\t\t\t\t\t\t<div class=\"elementor-element elementor-element-e3bdbde elementor-align-center elementor-widget elementor-widget-button\" data-id=\"e3bdbde\" data-element_type=\"widget\" data-e-type=\"widget\" data-widget_type=\"button.default\">\n\t\t\t\t\t\t\t\t\t\t<a class=\"elementor-button elementor-button-link elementor-size-sm\" href=\"https:\/\/zetcreativo.com\/index.php\/contacta-a-zet-creativo\/\">\n\t\t\t\t\t\t<span class=\"elementor-button-content-wrapper\">\n\t\t\t\t\t\t\t\t\t<span class=\"elementor-button-text\">M\u00e1s informaci\u00f3n<\/span>\n\t\t\t\t\t<\/span>\n\t\t\t\t\t<\/a>\n\t\t\t\t\t\t\t\t<\/div>\n\t\t\t\t\t<\/div>\n\t\t<\/div>\n\t\t\t\t\t<\/div>\n\t\t<\/section>\n\t\t\t\t<\/div>\n\t\t","protected":false},"excerpt":{"rendered":"<p>\u00a0 MANUAL DE CAPACITACION DIGITAL INTERACTIVO \u00a0 En estos tiempos, en los que, es com\u00fan el uso de los medios electr\u00f3nicos, y, contribuyendo al cuidado del medio ambiente, es de gran ayuda la realizaci\u00f3n de cat\u00e1logos o manuales digitales. Los puedes compartir por medio de un link f\u00e1cilmente a tus clientes o empleados. M\u00e1s informaci\u00f3n<\/p>\n","protected":false},"author":1,"featured_media":0,"parent":0,"menu_order":0,"comment_status":"closed","ping_status":"closed","template":"elementor_header_footer","meta":{"om_disable_all_campaigns":false,"_monsterinsights_skip_tracking":false,"_monsterinsights_sitenote_active":false,"_monsterinsights_sitenote_note":"","_monsterinsights_sitenote_category":0,"footnotes":""},"class_list":["post-528","page","type-page","status-publish","hentry"],"yoast_head":"<!-- This site is optimized with the Yoast SEO Premium plugin v27.1 (Yoast SEO v27.1.1) - https:\/\/yoast.com\/product\/yoast-seo-premium-wordpress\/ -->\n<title>MANUAL DE CAPACITACION DIGITAL INTERACTIVO -<\/title>\n<meta name=\"description\" content=\"Manual digital interactivo para cursos de capacitaci\u00f3n. Agrega links a videos o sitios externos, para explicar mejor tu curso.\" \/>\n<meta name=\"robots\" content=\"index, follow, max-snippet:-1, max-image-preview:large, max-video-preview:-1\" \/>\n<link rel=\"canonical\" href=\"https:\/\/zetcreativo.com\/index.php\/catalogomanualdigital\/\" \/>\n<meta property=\"og:locale\" content=\"en_US\" \/>\n<meta property=\"og:type\" content=\"article\" \/>\n<meta property=\"og:title\" content=\"MANUAL DE CAPACITACION DIGITAL INTERACTIVO\" \/>\n<meta property=\"og:description\" content=\"Manual digital interactivo para cursos de capacitaci\u00f3n. Agrega links a videos o sitios externos, para explicar mejor tu curso.\" \/>\n<meta property=\"og:url\" content=\"https:\/\/zetcreativo.com\/index.php\/catalogomanualdigital\/\" \/>\n<meta property=\"article:publisher\" content=\"https:\/\/www.facebook.com\/zetcreativomx\" \/>\n<meta property=\"article:modified_time\" content=\"2025-06-11T01:03:46+00:00\" \/>\n<meta name=\"twitter:card\" content=\"summary_large_image\" \/>\n<meta name=\"twitter:label1\" content=\"Est. reading time\" \/>\n\t<meta name=\"twitter:data1\" content=\"1 minute\" \/>\n<script type=\"application\/ld+json\" class=\"yoast-schema-graph\">{\"@context\":\"https:\/\/schema.org\",\"@graph\":[{\"@type\":\"WebPage\",\"@id\":\"https:\/\/zetcreativo.com\/index.php\/catalogomanualdigital\/\",\"url\":\"https:\/\/zetcreativo.com\/index.php\/catalogomanualdigital\/\",\"name\":\"MANUAL DE CAPACITACION DIGITAL INTERACTIVO -\",\"isPartOf\":{\"@id\":\"https:\/\/zetcreativo.com\/#website\"},\"datePublished\":\"2023-09-12T00:05:31+00:00\",\"dateModified\":\"2025-06-11T01:03:46+00:00\",\"description\":\"Manual digital interactivo para cursos de capacitaci\u00f3n. Agrega links a videos o sitios externos, para explicar mejor tu curso.\",\"breadcrumb\":{\"@id\":\"https:\/\/zetcreativo.com\/index.php\/catalogomanualdigital\/#breadcrumb\"},\"inLanguage\":\"en-US\",\"potentialAction\":[{\"@type\":\"ReadAction\",\"target\":[\"https:\/\/zetcreativo.com\/index.php\/catalogomanualdigital\/\"]}]},{\"@type\":\"BreadcrumbList\",\"@id\":\"https:\/\/zetcreativo.com\/index.php\/catalogomanualdigital\/#breadcrumb\",\"itemListElement\":[{\"@type\":\"ListItem\",\"position\":1,\"name\":\"Inicio\",\"item\":\"https:\/\/zetcreativo.com\/\"},{\"@type\":\"ListItem\",\"position\":2,\"name\":\"MANUAL DE CAPACITACION DIGITAL INTERACTIVO\"}]},{\"@type\":\"WebSite\",\"@id\":\"https:\/\/zetcreativo.com\/#website\",\"url\":\"https:\/\/zetcreativo.com\/\",\"name\":\"www.zetcreativo.com\",\"description\":\"\",\"publisher\":{\"@id\":\"https:\/\/zetcreativo.com\/#organization\"},\"potentialAction\":[{\"@type\":\"SearchAction\",\"target\":{\"@type\":\"EntryPoint\",\"urlTemplate\":\"https:\/\/zetcreativo.com\/?s={search_term_string}\"},\"query-input\":{\"@type\":\"PropertyValueSpecification\",\"valueRequired\":true,\"valueName\":\"search_term_string\"}}],\"inLanguage\":\"en-US\"},{\"@type\":\"Organization\",\"@id\":\"https:\/\/zetcreativo.com\/#organization\",\"name\":\"Zet Creativo\",\"url\":\"https:\/\/zetcreativo.com\/\",\"logo\":{\"@type\":\"ImageObject\",\"inLanguage\":\"en-US\",\"@id\":\"https:\/\/zetcreativo.com\/#\/schema\/logo\/image\/\",\"url\":\"https:\/\/zetcreativo.com\/wp-content\/uploads\/2023\/03\/Icono-blanco-512x512-1.png\",\"contentUrl\":\"https:\/\/zetcreativo.com\/wp-content\/uploads\/2023\/03\/Icono-blanco-512x512-1.png\",\"width\":512,\"height\":512,\"caption\":\"Zet Creativo\"},\"image\":{\"@id\":\"https:\/\/zetcreativo.com\/#\/schema\/logo\/image\/\"},\"sameAs\":[\"https:\/\/www.facebook.com\/zetcreativomx\"]}]}<\/script>\n<!-- \/ Yoast SEO Premium plugin. -->","yoast_head_json":{"title":"MANUAL DE CAPACITACION DIGITAL INTERACTIVO -","description":"Manual digital interactivo para cursos de capacitaci\u00f3n. Agrega links a videos o sitios externos, para explicar mejor tu curso.","robots":{"index":"index","follow":"follow","max-snippet":"max-snippet:-1","max-image-preview":"max-image-preview:large","max-video-preview":"max-video-preview:-1"},"canonical":"https:\/\/zetcreativo.com\/index.php\/catalogomanualdigital\/","og_locale":"en_US","og_type":"article","og_title":"MANUAL DE CAPACITACION DIGITAL INTERACTIVO","og_description":"Manual digital interactivo para cursos de capacitaci\u00f3n. Agrega links a videos o sitios externos, para explicar mejor tu curso.","og_url":"https:\/\/zetcreativo.com\/index.php\/catalogomanualdigital\/","article_publisher":"https:\/\/www.facebook.com\/zetcreativomx","article_modified_time":"2025-06-11T01:03:46+00:00","twitter_card":"summary_large_image","twitter_misc":{"Est. reading time":"1 minute"},"schema":{"@context":"https:\/\/schema.org","@graph":[{"@type":"WebPage","@id":"https:\/\/zetcreativo.com\/index.php\/catalogomanualdigital\/","url":"https:\/\/zetcreativo.com\/index.php\/catalogomanualdigital\/","name":"MANUAL DE CAPACITACION DIGITAL INTERACTIVO -","isPartOf":{"@id":"https:\/\/zetcreativo.com\/#website"},"datePublished":"2023-09-12T00:05:31+00:00","dateModified":"2025-06-11T01:03:46+00:00","description":"Manual digital interactivo para cursos de capacitaci\u00f3n. Agrega links a videos o sitios externos, para explicar mejor tu curso.","breadcrumb":{"@id":"https:\/\/zetcreativo.com\/index.php\/catalogomanualdigital\/#breadcrumb"},"inLanguage":"en-US","potentialAction":[{"@type":"ReadAction","target":["https:\/\/zetcreativo.com\/index.php\/catalogomanualdigital\/"]}]},{"@type":"BreadcrumbList","@id":"https:\/\/zetcreativo.com\/index.php\/catalogomanualdigital\/#breadcrumb","itemListElement":[{"@type":"ListItem","position":1,"name":"Inicio","item":"https:\/\/zetcreativo.com\/"},{"@type":"ListItem","position":2,"name":"MANUAL DE CAPACITACION DIGITAL INTERACTIVO"}]},{"@type":"WebSite","@id":"https:\/\/zetcreativo.com\/#website","url":"https:\/\/zetcreativo.com\/","name":"www.zetcreativo.com","description":"","publisher":{"@id":"https:\/\/zetcreativo.com\/#organization"},"potentialAction":[{"@type":"SearchAction","target":{"@type":"EntryPoint","urlTemplate":"https:\/\/zetcreativo.com\/?s={search_term_string}"},"query-input":{"@type":"PropertyValueSpecification","valueRequired":true,"valueName":"search_term_string"}}],"inLanguage":"en-US"},{"@type":"Organization","@id":"https:\/\/zetcreativo.com\/#organization","name":"Zet Creativo","url":"https:\/\/zetcreativo.com\/","logo":{"@type":"ImageObject","inLanguage":"en-US","@id":"https:\/\/zetcreativo.com\/#\/schema\/logo\/image\/","url":"https:\/\/zetcreativo.com\/wp-content\/uploads\/2023\/03\/Icono-blanco-512x512-1.png","contentUrl":"https:\/\/zetcreativo.com\/wp-content\/uploads\/2023\/03\/Icono-blanco-512x512-1.png","width":512,"height":512,"caption":"Zet Creativo"},"image":{"@id":"https:\/\/zetcreativo.com\/#\/schema\/logo\/image\/"},"sameAs":["https:\/\/www.facebook.com\/zetcreativomx"]}]}},"jetpack_sharing_enabled":true,"_links":{"self":[{"href":"https:\/\/zetcreativo.com\/index.php\/wp-json\/wp\/v2\/pages\/528","targetHints":{"allow":["GET"]}}],"collection":[{"href":"https:\/\/zetcreativo.com\/index.php\/wp-json\/wp\/v2\/pages"}],"about":[{"href":"https:\/\/zetcreativo.com\/index.php\/wp-json\/wp\/v2\/types\/page"}],"author":[{"embeddable":true,"href":"https:\/\/zetcreativo.com\/index.php\/wp-json\/wp\/v2\/users\/1"}],"replies":[{"embeddable":true,"href":"https:\/\/zetcreativo.com\/index.php\/wp-json\/wp\/v2\/comments?post=528"}],"version-history":[{"count":81,"href":"https:\/\/zetcreativo.com\/index.php\/wp-json\/wp\/v2\/pages\/528\/revisions"}],"predecessor-version":[{"id":1194,"href":"https:\/\/zetcreativo.com\/index.php\/wp-json\/wp\/v2\/pages\/528\/revisions\/1194"}],"wp:attachment":[{"href":"https:\/\/zetcreativo.com\/index.php\/wp-json\/wp\/v2\/media?parent=528"}],"curies":[{"name":"wp","href":"https:\/\/api.w.org\/{rel}","templated":true}]}}