{"id":216,"date":"2023-04-11T04:17:54","date_gmt":"2023-04-11T04:17:54","guid":{"rendered":"https:\/\/zetcreativo.com\/index.php\/about\/"},"modified":"2026-03-05T01:16:30","modified_gmt":"2026-03-05T01:16:30","slug":"sitioweb","status":"publish","type":"page","link":"https:\/\/zetcreativo.com\/index.php\/services\/sitioweb\/","title":{"rendered":"SITIO WEB"},"content":{"rendered":"\t\t<div data-elementor-type=\"wp-page\" data-elementor-id=\"216\" class=\"elementor elementor-216\" data-elementor-post-type=\"page\">\n\t\t\t\t\t\t<section class=\"elementor-section elementor-top-section elementor-element elementor-element-6623d145 elementor-section-full_width elementor-section-height-default elementor-section-height-default\" data-id=\"6623d145\" data-element_type=\"section\" data-e-type=\"section\">\n\t\t\t\t\t\t<div class=\"elementor-container elementor-column-gap-default\">\n\t\t\t\t\t<div class=\"elementor-column elementor-col-100 elementor-top-column elementor-element elementor-element-6b4de8c9\" data-id=\"6b4de8c9\" data-element_type=\"column\" data-e-type=\"column\">\n\t\t\t<div class=\"elementor-widget-wrap elementor-element-populated\">\n\t\t\t\t\t\t<div class=\"elementor-element elementor-element-58a5cf24 elementor-widget elementor-widget-heading\" data-id=\"58a5cf24\" data-element_type=\"widget\" data-e-type=\"widget\" data-widget_type=\"heading.default\">\n\t\t\t\t\t<h1 class=\"elementor-heading-title elementor-size-default\">Sitio Web<\/h1>\t\t\t\t<\/div>\n\t\t\t\t<div class=\"elementor-element elementor-element-6685323 elementor-widget elementor-widget-text-editor\" data-id=\"6685323\" data-element_type=\"widget\" data-e-type=\"widget\" data-widget_type=\"text-editor.default\">\n\t\t\t\t\t\t\t\t\t<p><span style=\"color: #000000;\">Contar con un sitio web fortalece la presencia de tu empresa en l\u00ednea. Eso permite que tus clientes encuentren f\u00e1cilmente informaci\u00f3n relacionada con ella, como por ejemplo, tus productos o servicios, en cualquier momento y desde cualquier lugar.<\/span><\/p><p><span style=\"color: #000000;\">Adem\u00e1s, genera credibilidad y confianza. Puedes tener interacci\u00f3n de manera inmediata y constante con clientes o posibles clientes.<\/span><\/p>\t\t\t\t\t\t\t\t<\/div>\n\t\t\t\t\t<\/div>\n\t\t<\/div>\n\t\t\t\t\t<\/div>\n\t\t<\/section>\n\t\t\t\t<section class=\"elementor-section elementor-top-section elementor-element elementor-element-5c77afb elementor-section-boxed elementor-section-height-default elementor-section-height-default\" data-id=\"5c77afb\" data-element_type=\"section\" data-e-type=\"section\">\n\t\t\t\t\t\t<div class=\"elementor-container elementor-column-gap-default\">\n\t\t\t\t\t<div class=\"elementor-column elementor-col-50 elementor-top-column elementor-element elementor-element-69630b5\" data-id=\"69630b5\" data-element_type=\"column\" data-e-type=\"column\">\n\t\t\t<div class=\"elementor-widget-wrap elementor-element-populated\">\n\t\t\t\t\t\t<div class=\"elementor-element elementor-element-1d77883 elementor-widget__width-initial elementor--h-position-center elementor--v-position-middle elementor-arrows-position-inside elementor-pagination-position-inside elementor-widget elementor-widget-slides\" data-id=\"1d77883\" data-element_type=\"widget\" data-e-type=\"widget\" data-settings=\"{&quot;navigation&quot;:&quot;both&quot;,&quot;autoplay&quot;:&quot;yes&quot;,&quot;pause_on_hover&quot;:&quot;yes&quot;,&quot;pause_on_interaction&quot;:&quot;yes&quot;,&quot;autoplay_speed&quot;:5000,&quot;infinite&quot;:&quot;yes&quot;,&quot;transition&quot;:&quot;slide&quot;,&quot;transition_speed&quot;:500}\" data-widget_type=\"slides.default\">\n\t\t\t\t\t\t\t\t\t\t<div class=\"elementor-slides-wrapper elementor-main-swiper swiper\" role=\"region\" aria-roledescription=\"carousel\" aria-label=\"Slides\" dir=\"ltr\" data-animation=\"fadeInUp\">\n\t\t\t\t<div class=\"swiper-wrapper elementor-slides\">\n\t\t\t\t\t\t\t\t\t\t<div class=\"elementor-repeater-item-da65e8c swiper-slide\" role=\"group\" aria-roledescription=\"slide\"><div class=\"swiper-slide-bg\" role=\"img\" aria-label=\"Preventize muestra de portada-1\"><\/div><div class=\"swiper-slide-inner\" ><div class=\"swiper-slide-contents\"><\/div><\/div><\/div><div class=\"elementor-repeater-item-496e546 swiper-slide\" role=\"group\" aria-roledescription=\"slide\"><div class=\"swiper-slide-bg\" role=\"img\" aria-label=\"AMyPM\"><\/div><div class=\"swiper-slide-inner\" ><div class=\"swiper-slide-contents\"><\/div><\/div><\/div>\t\t\t\t<\/div>\n\t\t\t\t\t\t\t\t\t\t\t\t\t\t\t<div class=\"elementor-swiper-button elementor-swiper-button-prev\" role=\"button\" tabindex=\"0\" aria-label=\"Previous slide\">\n\t\t\t\t\t\t\t<svg aria-hidden=\"true\" class=\"e-font-icon-svg e-eicon-chevron-left\" viewBox=\"0 0 1000 1000\" xmlns=\"http:\/\/www.w3.org\/2000\/svg\"><path d=\"M646 125C629 125 613 133 604 142L308 442C296 454 292 471 292 487 292 504 296 521 308 533L604 854C617 867 629 875 646 875 663 875 679 871 692 858 704 846 713 829 713 812 713 796 708 779 692 767L438 487 692 225C700 217 708 204 708 187 708 171 704 154 692 142 675 129 663 125 646 125Z\"><\/path><\/svg>\t\t\t\t\t\t<\/div>\n\t\t\t\t\t\t<div class=\"elementor-swiper-button elementor-swiper-button-next\" role=\"button\" tabindex=\"0\" aria-label=\"Next slide\">\n\t\t\t\t\t\t\t<svg aria-hidden=\"true\" class=\"e-font-icon-svg e-eicon-chevron-right\" viewBox=\"0 0 1000 1000\" xmlns=\"http:\/\/www.w3.org\/2000\/svg\"><path d=\"M696 533C708 521 713 504 713 487 713 471 708 454 696 446L400 146C388 133 375 125 354 125 338 125 325 129 313 142 300 154 292 171 292 187 292 204 296 221 308 233L563 492 304 771C292 783 288 800 288 817 288 833 296 850 308 863 321 871 338 875 354 875 371 875 388 867 400 854L696 533Z\"><\/path><\/svg>\t\t\t\t\t\t<\/div>\n\t\t\t\t\t\t\t\t\t\t\t\t\t\t\t\t<div class=\"swiper-pagination\"><\/div>\n\t\t\t\t\t\t\t\t\t\t\t\t<\/div>\n\t\t\t\t\t\t\t\t<\/div>\n\t\t\t\t\t<\/div>\n\t\t<\/div>\n\t\t\t\t<div class=\"elementor-column elementor-col-50 elementor-top-column elementor-element elementor-element-65b689b\" data-id=\"65b689b\" data-element_type=\"column\" data-e-type=\"column\">\n\t\t\t<div class=\"elementor-widget-wrap elementor-element-populated\">\n\t\t\t\t\t\t<div class=\"elementor-element elementor-element-7147a83 elementor-widget elementor-widget-video\" data-id=\"7147a83\" data-element_type=\"widget\" data-e-type=\"widget\" data-settings=\"{&quot;video_type&quot;:&quot;hosted&quot;,&quot;controls&quot;:&quot;yes&quot;}\" data-widget_type=\"video.default\">\n\t\t\t\t\t\t\t<div class=\"e-hosted-video elementor-wrapper elementor-open-inline\">\n\t\t\t\t\t<video class=\"elementor-video\" src=\"https:\/\/zetcreativo.com\/wp-content\/uploads\/2025\/01\/Captura-video-landing-page.mov\" controls=\"\" preload=\"metadata\" controlsList=\"nodownload\"><\/video>\n\t\t\t\t<\/div>\n\t\t\t\t\t\t<\/div>\n\t\t\t\t\t<\/div>\n\t\t<\/div>\n\t\t\t\t\t<\/div>\n\t\t<\/section>\n\t\t\t\t<section class=\"elementor-section elementor-top-section elementor-element elementor-element-47a1241 elementor-section-full_width elementor-section-height-min-height elementor-section-items-stretch elementor-section-height-default\" data-id=\"47a1241\" data-element_type=\"section\" data-e-type=\"section\">\n\t\t\t\t\t\t<div class=\"elementor-container elementor-column-gap-wider\">\n\t\t\t\t\t<div class=\"elementor-column elementor-col-50 elementor-top-column elementor-element elementor-element-ec62ee4\" data-id=\"ec62ee4\" data-element_type=\"column\" data-e-type=\"column\">\n\t\t\t<div class=\"elementor-widget-wrap elementor-element-populated\">\n\t\t\t\t\t\t<div class=\"elementor-element elementor-element-6c29df8 elementor-widget__width-initial elementor-widget elementor-widget-text-editor\" data-id=\"6c29df8\" data-element_type=\"widget\" data-e-type=\"widget\" data-widget_type=\"text-editor.default\">\n\t\t\t\t\t\t\t\t\t<p><span style=\"color: #333333;\">Sitio web b\u00e1sico informativo. El cual incluye las siguientes secciones:<\/span><\/p><p><span style=\"color: #333333;\">&#8212; Inicio<\/span><\/p><p><span style=\"color: #333333;\">&#8212; Nosotros (Historia breve de la empresa, c\u00f3mo inici\u00f3 o por qu\u00e9 inici\u00f3, una breve presentaci\u00f3n para que tus posibles clientes te conozcan).<\/span><\/p><p><span style=\"color: #333333;\">&#8212; Misi\u00f3n\/Visi\u00f3n<\/span><\/p><p><span style=\"color: #333333;\">&#8212; Productos o Servicios<\/span><\/p><p><span style=\"color: #333333;\">&#8212; Contacto Links a Whatsapp, Redes sociales, correo electr\u00f3nico y formulario de contacto).<\/span><\/p><p><span style=\"color: #333333;\">&#8212; Pol\u00edtica de Privacidad y tratamiento de datos (obligatorio en todo sitio web).<\/span><\/p><p><span style=\"color: #333333;\">&#8212; Icono para <span style=\"font-family: var( --e-global-typography-text-font-family ), Sans-serif; font-size: var( --e-global-typography-text-font-size ); font-style: var( --e-global-typography-text-font-style ); font-weight: var( --e-global-typography-text-font-weight ); letter-spacing: var( --e-global-typography-text-letter-spacing ); text-transform: var( --e-global-typography-text-text-transform ); word-spacing: var( --e-global-typography-text-word-spacing ); background-color: var( --e-global-color-secondary );\">Redes sociales (S\u00f3lo para enlazarlas, en caso de contar con ellas, si requiere realizaci\u00f3n de la misma, el costo es aparte).<\/span><\/span><\/p>\t\t\t\t\t\t\t\t<\/div>\n\t\t\t\t\t<\/div>\n\t\t<\/div>\n\t\t\t\t<div class=\"elementor-column elementor-col-50 elementor-top-column elementor-element elementor-element-9e18d63\" data-id=\"9e18d63\" data-element_type=\"column\" data-e-type=\"column\">\n\t\t\t<div class=\"elementor-widget-wrap elementor-element-populated\">\n\t\t\t\t\t\t<div class=\"elementor-element elementor-element-4cd4a4d elementor-widget__width-initial elementor-widget elementor-widget-text-editor\" data-id=\"4cd4a4d\" data-element_type=\"widget\" data-e-type=\"widget\" data-widget_type=\"text-editor.default\">\n\t\t\t\t\t\t\t\t\t<p>\u00a0<\/p><p>Se entregan con las siguientes caracter\u00edsticas:<\/p><p>\u00a0<\/p><p>&#8212; Dise\u00f1o o maquetaci\u00f3n de la idea o informaci\u00f3n que nos proporciones.<\/p><p>&#8212; Dominio del sitio gratis por un a\u00f1o.<\/p><p>&#8212; Cuentas de correo a elegir (costo aparte por cada una).<\/p><p>&#8212; Certificado de sitio seguro\u00a0<\/p><p>&#8212; Cuentas de correo (costo por cuenta)<\/p><p>&#8212; Reporte mensual de tr\u00e1fico generado.<\/p><p>&#8212; Dise\u00f1o adaptable a tel\u00e9fono celular y tablet.<\/p><p>&#8212; Velocidad \u00f3ptima del sitio.<\/p><p>&#8212; Mantenimiento con costo aparte.<\/p>\t\t\t\t\t\t\t\t<\/div>\n\t\t\t\t\t<\/div>\n\t\t<\/div>\n\t\t\t\t\t<\/div>\n\t\t<\/section>\n\t\t\t\t<section class=\"elementor-section elementor-top-section elementor-element elementor-element-351f942 elementor-section-boxed elementor-section-height-default elementor-section-height-default\" data-id=\"351f942\" data-element_type=\"section\" data-e-type=\"section\">\n\t\t\t\t\t\t<div class=\"elementor-container elementor-column-gap-default\">\n\t\t\t\t\t<div class=\"elementor-column elementor-col-100 elementor-top-column elementor-element elementor-element-246ec77\" data-id=\"246ec77\" data-element_type=\"column\" data-e-type=\"column\">\n\t\t\t<div class=\"elementor-widget-wrap elementor-element-populated\">\n\t\t\t\t\t\t<div class=\"elementor-element elementor-element-54297ef elementor-button-info elementor-align-center elementor-widget elementor-widget-button\" data-id=\"54297ef\" data-element_type=\"widget\" data-e-type=\"widget\" data-widget_type=\"button.default\">\n\t\t\t\t\t\t\t\t\t\t<a class=\"elementor-button elementor-button-link elementor-size-xl\" href=\"https:\/\/zetcreativo.com\/index.php\/zetcreativo-agencia-consultora-digital-contacto\/\">\n\t\t\t\t\t\t<span class=\"elementor-button-content-wrapper\">\n\t\t\t\t\t\t\t\t\t<span class=\"elementor-button-text\">Dale a tu empresa un toque diferente!<\/span>\n\t\t\t\t\t<\/span>\n\t\t\t\t\t<\/a>\n\t\t\t\t\t\t\t\t<\/div>\n\t\t\t\t\t<\/div>\n\t\t<\/div>\n\t\t\t\t\t<\/div>\n\t\t<\/section>\n\t\t\t\t<section class=\"elementor-section elementor-top-section elementor-element elementor-element-d712fc8 elementor-section-boxed elementor-section-height-default elementor-section-height-default\" data-id=\"d712fc8\" data-element_type=\"section\" data-e-type=\"section\">\n\t\t\t\t\t\t<div class=\"elementor-container elementor-column-gap-default\">\n\t\t\t\t\t<div class=\"elementor-column elementor-col-100 elementor-top-column elementor-element elementor-element-9cbc08e\" data-id=\"9cbc08e\" data-element_type=\"column\" data-e-type=\"column\">\n\t\t\t<div class=\"elementor-widget-wrap elementor-element-populated\">\n\t\t\t\t\t\t<div class=\"elementor-element elementor-element-1ebd42d elementor-align-center elementor-widget elementor-widget-button\" data-id=\"1ebd42d\" data-element_type=\"widget\" data-e-type=\"widget\" data-widget_type=\"button.default\">\n\t\t\t\t\t\t\t\t\t\t<a class=\"elementor-button elementor-button-link elementor-size-sm\" href=\"http:\/\/www.zetcreativo.com\">\n\t\t\t\t\t\t<span class=\"elementor-button-content-wrapper\">\n\t\t\t\t\t\t\t\t\t<span class=\"elementor-button-text\">INICIO<\/span>\n\t\t\t\t\t<\/span>\n\t\t\t\t\t<\/a>\n\t\t\t\t\t\t\t\t<\/div>\n\t\t\t\t\t<\/div>\n\t\t<\/div>\n\t\t\t\t\t<\/div>\n\t\t<\/section>\n\t\t\t\t<\/div>\n\t\t","protected":false},"excerpt":{"rendered":"<p>Sitio Web Contar con un sitio web fortalece la presencia de tu empresa en l\u00ednea. Eso permite que tus clientes encuentren f\u00e1cilmente informaci\u00f3n relacionada con ella, como por ejemplo, tus productos o servicios, en cualquier momento y desde cualquier lugar. Adem\u00e1s, genera credibilidad y confianza. Puedes tener interacci\u00f3n de manera inmediata y constante con clientes [&hellip;]<\/p>\n","protected":false},"author":1,"featured_media":864,"parent":227,"menu_order":0,"comment_status":"closed","ping_status":"closed","template":"elementor_header_footer","meta":{"om_disable_all_campaigns":false,"_monsterinsights_skip_tracking":false,"_monsterinsights_sitenote_active":false,"_monsterinsights_sitenote_note":"","_monsterinsights_sitenote_category":0,"footnotes":""},"class_list":["post-216","page","type-page","status-publish","has-post-thumbnail","hentry"],"yoast_head":"<!-- This site is optimized with the Yoast SEO Premium plugin v27.1 (Yoast SEO v27.1.1) - https:\/\/yoast.com\/product\/yoast-seo-premium-wordpress\/ -->\n<title>SITIO WEB - Le damos mas seriedad a tu negocio con tu sitio<\/title>\n<meta name=\"description\" content=\"dise\u00f1o de un sitio web para tu empresa o negocio, para tu consultor\u00eda o portafolio de servicios, seo, marketig digital\" \/>\n<meta name=\"robots\" content=\"index, follow, max-snippet:-1, max-image-preview:large, max-video-preview:-1\" \/>\n<link rel=\"canonical\" href=\"https:\/\/zetcreativo.com\/index.php\/services\/sitioweb\/\" \/>\n<meta property=\"og:locale\" content=\"en_US\" \/>\n<meta property=\"og:type\" content=\"article\" \/>\n<meta property=\"og:title\" content=\"SITIO WEB\" \/>\n<meta property=\"og:description\" content=\"dise\u00f1o de un sitio web para tu empresa o negocio, para tu consultor\u00eda o portafolio de servicios, seo, marketig digital\" \/>\n<meta property=\"og:url\" content=\"https:\/\/zetcreativo.com\/index.php\/services\/sitioweb\/\" \/>\n<meta property=\"article:publisher\" content=\"https:\/\/www.facebook.com\/zetcreativomx\" \/>\n<meta property=\"article:modified_time\" content=\"2026-03-05T01:16:30+00:00\" \/>\n<meta property=\"og:image\" content=\"https:\/\/zetcreativo.com\/wp-content\/uploads\/2025\/01\/Dale-a-tu-empresa-la-importancia-que-merece.jpg\" \/>\n\t<meta property=\"og:image:width\" content=\"1366\" \/>\n\t<meta property=\"og:image:height\" content=\"768\" \/>\n\t<meta property=\"og:image:type\" content=\"image\/jpeg\" \/>\n<meta name=\"twitter:card\" content=\"summary_large_image\" \/>\n<meta name=\"twitter:label1\" content=\"Est. reading time\" \/>\n\t<meta name=\"twitter:data1\" content=\"2 minutes\" \/>\n<script type=\"application\/ld+json\" class=\"yoast-schema-graph\">{\"@context\":\"https:\/\/schema.org\",\"@graph\":[{\"@type\":\"WebPage\",\"@id\":\"https:\/\/zetcreativo.com\/index.php\/services\/sitioweb\/\",\"url\":\"https:\/\/zetcreativo.com\/index.php\/services\/sitioweb\/\",\"name\":\"SITIO WEB - Le damos mas seriedad a tu negocio con tu sitio\",\"isPartOf\":{\"@id\":\"https:\/\/zetcreativo.com\/#website\"},\"primaryImageOfPage\":{\"@id\":\"https:\/\/zetcreativo.com\/index.php\/services\/sitioweb\/#primaryimage\"},\"image\":{\"@id\":\"https:\/\/zetcreativo.com\/index.php\/services\/sitioweb\/#primaryimage\"},\"thumbnailUrl\":\"https:\/\/zetcreativo.com\/wp-content\/uploads\/2025\/01\/Dale-a-tu-empresa-la-importancia-que-merece.jpg\",\"datePublished\":\"2023-04-11T04:17:54+00:00\",\"dateModified\":\"2026-03-05T01:16:30+00:00\",\"description\":\"dise\u00f1o de un sitio web para tu empresa o negocio, para tu consultor\u00eda o portafolio de servicios, seo, marketig digital\",\"breadcrumb\":{\"@id\":\"https:\/\/zetcreativo.com\/index.php\/services\/sitioweb\/#breadcrumb\"},\"inLanguage\":\"en-US\",\"potentialAction\":[{\"@type\":\"ReadAction\",\"target\":[\"https:\/\/zetcreativo.com\/index.php\/services\/sitioweb\/\"]}]},{\"@type\":\"ImageObject\",\"inLanguage\":\"en-US\",\"@id\":\"https:\/\/zetcreativo.com\/index.php\/services\/sitioweb\/#primaryimage\",\"url\":\"https:\/\/zetcreativo.com\/wp-content\/uploads\/2025\/01\/Dale-a-tu-empresa-la-importancia-que-merece.jpg\",\"contentUrl\":\"https:\/\/zetcreativo.com\/wp-content\/uploads\/2025\/01\/Dale-a-tu-empresa-la-importancia-que-merece.jpg\",\"width\":1366,\"height\":768},{\"@type\":\"BreadcrumbList\",\"@id\":\"https:\/\/zetcreativo.com\/index.php\/services\/sitioweb\/#breadcrumb\",\"itemListElement\":[{\"@type\":\"ListItem\",\"position\":1,\"name\":\"Inicio\",\"item\":\"https:\/\/zetcreativo.com\/\"},{\"@type\":\"ListItem\",\"position\":2,\"name\":\"Servicios\",\"item\":\"https:\/\/zetcreativo.com\/?page_id=227\"},{\"@type\":\"ListItem\",\"position\":3,\"name\":\"SITIO WEB\"}]},{\"@type\":\"WebSite\",\"@id\":\"https:\/\/zetcreativo.com\/#website\",\"url\":\"https:\/\/zetcreativo.com\/\",\"name\":\"www.zetcreativo.com\",\"description\":\"\",\"publisher\":{\"@id\":\"https:\/\/zetcreativo.com\/#organization\"},\"potentialAction\":[{\"@type\":\"SearchAction\",\"target\":{\"@type\":\"EntryPoint\",\"urlTemplate\":\"https:\/\/zetcreativo.com\/?s={search_term_string}\"},\"query-input\":{\"@type\":\"PropertyValueSpecification\",\"valueRequired\":true,\"valueName\":\"search_term_string\"}}],\"inLanguage\":\"en-US\"},{\"@type\":\"Organization\",\"@id\":\"https:\/\/zetcreativo.com\/#organization\",\"name\":\"Zet Creativo\",\"url\":\"https:\/\/zetcreativo.com\/\",\"logo\":{\"@type\":\"ImageObject\",\"inLanguage\":\"en-US\",\"@id\":\"https:\/\/zetcreativo.com\/#\/schema\/logo\/image\/\",\"url\":\"https:\/\/zetcreativo.com\/wp-content\/uploads\/2023\/03\/Icono-blanco-512x512-1.png\",\"contentUrl\":\"https:\/\/zetcreativo.com\/wp-content\/uploads\/2023\/03\/Icono-blanco-512x512-1.png\",\"width\":512,\"height\":512,\"caption\":\"Zet Creativo\"},\"image\":{\"@id\":\"https:\/\/zetcreativo.com\/#\/schema\/logo\/image\/\"},\"sameAs\":[\"https:\/\/www.facebook.com\/zetcreativomx\"]}]}<\/script>\n<!-- \/ Yoast SEO Premium plugin. -->","yoast_head_json":{"title":"SITIO WEB - Le damos mas seriedad a tu negocio con tu sitio","description":"dise\u00f1o de un sitio web para tu empresa o negocio, para tu consultor\u00eda o portafolio de servicios, seo, marketig digital","robots":{"index":"index","follow":"follow","max-snippet":"max-snippet:-1","max-image-preview":"max-image-preview:large","max-video-preview":"max-video-preview:-1"},"canonical":"https:\/\/zetcreativo.com\/index.php\/services\/sitioweb\/","og_locale":"en_US","og_type":"article","og_title":"SITIO WEB","og_description":"dise\u00f1o de un sitio web para tu empresa o negocio, para tu consultor\u00eda o portafolio de servicios, seo, marketig digital","og_url":"https:\/\/zetcreativo.com\/index.php\/services\/sitioweb\/","article_publisher":"https:\/\/www.facebook.com\/zetcreativomx","article_modified_time":"2026-03-05T01:16:30+00:00","og_image":[{"width":1366,"height":768,"url":"https:\/\/zetcreativo.com\/wp-content\/uploads\/2025\/01\/Dale-a-tu-empresa-la-importancia-que-merece.jpg","type":"image\/jpeg"}],"twitter_card":"summary_large_image","twitter_misc":{"Est. reading time":"2 minutes"},"schema":{"@context":"https:\/\/schema.org","@graph":[{"@type":"WebPage","@id":"https:\/\/zetcreativo.com\/index.php\/services\/sitioweb\/","url":"https:\/\/zetcreativo.com\/index.php\/services\/sitioweb\/","name":"SITIO WEB - Le damos mas seriedad a tu negocio con tu sitio","isPartOf":{"@id":"https:\/\/zetcreativo.com\/#website"},"primaryImageOfPage":{"@id":"https:\/\/zetcreativo.com\/index.php\/services\/sitioweb\/#primaryimage"},"image":{"@id":"https:\/\/zetcreativo.com\/index.php\/services\/sitioweb\/#primaryimage"},"thumbnailUrl":"https:\/\/zetcreativo.com\/wp-content\/uploads\/2025\/01\/Dale-a-tu-empresa-la-importancia-que-merece.jpg","datePublished":"2023-04-11T04:17:54+00:00","dateModified":"2026-03-05T01:16:30+00:00","description":"dise\u00f1o de un sitio web para tu empresa o negocio, para tu consultor\u00eda o portafolio de servicios, seo, marketig digital","breadcrumb":{"@id":"https:\/\/zetcreativo.com\/index.php\/services\/sitioweb\/#breadcrumb"},"inLanguage":"en-US","potentialAction":[{"@type":"ReadAction","target":["https:\/\/zetcreativo.com\/index.php\/services\/sitioweb\/"]}]},{"@type":"ImageObject","inLanguage":"en-US","@id":"https:\/\/zetcreativo.com\/index.php\/services\/sitioweb\/#primaryimage","url":"https:\/\/zetcreativo.com\/wp-content\/uploads\/2025\/01\/Dale-a-tu-empresa-la-importancia-que-merece.jpg","contentUrl":"https:\/\/zetcreativo.com\/wp-content\/uploads\/2025\/01\/Dale-a-tu-empresa-la-importancia-que-merece.jpg","width":1366,"height":768},{"@type":"BreadcrumbList","@id":"https:\/\/zetcreativo.com\/index.php\/services\/sitioweb\/#breadcrumb","itemListElement":[{"@type":"ListItem","position":1,"name":"Inicio","item":"https:\/\/zetcreativo.com\/"},{"@type":"ListItem","position":2,"name":"Servicios","item":"https:\/\/zetcreativo.com\/?page_id=227"},{"@type":"ListItem","position":3,"name":"SITIO WEB"}]},{"@type":"WebSite","@id":"https:\/\/zetcreativo.com\/#website","url":"https:\/\/zetcreativo.com\/","name":"www.zetcreativo.com","description":"","publisher":{"@id":"https:\/\/zetcreativo.com\/#organization"},"potentialAction":[{"@type":"SearchAction","target":{"@type":"EntryPoint","urlTemplate":"https:\/\/zetcreativo.com\/?s={search_term_string}"},"query-input":{"@type":"PropertyValueSpecification","valueRequired":true,"valueName":"search_term_string"}}],"inLanguage":"en-US"},{"@type":"Organization","@id":"https:\/\/zetcreativo.com\/#organization","name":"Zet Creativo","url":"https:\/\/zetcreativo.com\/","logo":{"@type":"ImageObject","inLanguage":"en-US","@id":"https:\/\/zetcreativo.com\/#\/schema\/logo\/image\/","url":"https:\/\/zetcreativo.com\/wp-content\/uploads\/2023\/03\/Icono-blanco-512x512-1.png","contentUrl":"https:\/\/zetcreativo.com\/wp-content\/uploads\/2023\/03\/Icono-blanco-512x512-1.png","width":512,"height":512,"caption":"Zet Creativo"},"image":{"@id":"https:\/\/zetcreativo.com\/#\/schema\/logo\/image\/"},"sameAs":["https:\/\/www.facebook.com\/zetcreativomx"]}]}},"jetpack_sharing_enabled":true,"_links":{"self":[{"href":"https:\/\/zetcreativo.com\/index.php\/wp-json\/wp\/v2\/pages\/216","targetHints":{"allow":["GET"]}}],"collection":[{"href":"https:\/\/zetcreativo.com\/index.php\/wp-json\/wp\/v2\/pages"}],"about":[{"href":"https:\/\/zetcreativo.com\/index.php\/wp-json\/wp\/v2\/types\/page"}],"author":[{"embeddable":true,"href":"https:\/\/zetcreativo.com\/index.php\/wp-json\/wp\/v2\/users\/1"}],"replies":[{"embeddable":true,"href":"https:\/\/zetcreativo.com\/index.php\/wp-json\/wp\/v2\/comments?post=216"}],"version-history":[{"count":72,"href":"https:\/\/zetcreativo.com\/index.php\/wp-json\/wp\/v2\/pages\/216\/revisions"}],"predecessor-version":[{"id":1425,"href":"https:\/\/zetcreativo.com\/index.php\/wp-json\/wp\/v2\/pages\/216\/revisions\/1425"}],"up":[{"embeddable":true,"href":"https:\/\/zetcreativo.com\/index.php\/wp-json\/wp\/v2\/pages\/227"}],"wp:featuredmedia":[{"embeddable":true,"href":"https:\/\/zetcreativo.com\/index.php\/wp-json\/wp\/v2\/media\/864"}],"wp:attachment":[{"href":"https:\/\/zetcreativo.com\/index.php\/wp-json\/wp\/v2\/media?parent=216"}],"curies":[{"name":"wp","href":"https:\/\/api.w.org\/{rel}","templated":true}]}}