{"id":190,"date":"2023-04-09T00:10:30","date_gmt":"2023-04-09T00:10:30","guid":{"rendered":"https:\/\/zetcreativo.com\/?page_id=190"},"modified":"2026-03-04T05:07:41","modified_gmt":"2026-03-04T05:07:41","slug":"voces","status":"publish","type":"page","link":"https:\/\/zetcreativo.com\/index.php\/voces\/","title":{"rendered":"VOCES"},"content":{"rendered":"\t\t<div data-elementor-type=\"wp-page\" data-elementor-id=\"190\" class=\"elementor elementor-190\" data-elementor-post-type=\"page\">\n\t\t\t\t\t\t<section class=\"elementor-section elementor-top-section elementor-element elementor-element-178a54d elementor-section-boxed elementor-section-height-default elementor-section-height-default\" data-id=\"178a54d\" data-element_type=\"section\" data-e-type=\"section\">\n\t\t\t\t\t\t<div class=\"elementor-container elementor-column-gap-default\">\n\t\t\t\t\t<div class=\"elementor-column elementor-col-100 elementor-top-column elementor-element elementor-element-166f23f\" data-id=\"166f23f\" data-element_type=\"column\" data-e-type=\"column\">\n\t\t\t<div class=\"elementor-widget-wrap elementor-element-populated\">\n\t\t\t\t\t\t<div class=\"elementor-element elementor-element-70a9bab elementor-widget elementor-widget-heading\" data-id=\"70a9bab\" data-element_type=\"widget\" data-e-type=\"widget\" data-widget_type=\"heading.default\">\n\t\t\t\t\t<h2 class=\"elementor-heading-title elementor-size-default\">Voces<\/h2>\t\t\t\t<\/div>\n\t\t\t\t\t<\/div>\n\t\t<\/div>\n\t\t\t\t\t<\/div>\n\t\t<\/section>\n\t\t\t\t<section class=\"elementor-section elementor-top-section elementor-element elementor-element-95eed5c elementor-section-boxed elementor-section-height-default elementor-section-height-default\" data-id=\"95eed5c\" data-element_type=\"section\" data-e-type=\"section\">\n\t\t\t\t\t\t<div class=\"elementor-container elementor-column-gap-default\">\n\t\t\t\t\t<div class=\"elementor-column elementor-col-100 elementor-top-column elementor-element elementor-element-5fe0565\" data-id=\"5fe0565\" data-element_type=\"column\" data-e-type=\"column\">\n\t\t\t<div class=\"elementor-widget-wrap elementor-element-populated\">\n\t\t\t\t\t\t<div class=\"elementor-element elementor-element-bcd8bd6 elementor-widget elementor-widget-text-editor\" data-id=\"bcd8bd6\" data-element_type=\"widget\" data-e-type=\"widget\" data-widget_type=\"text-editor.default\">\n\t\t\t\t\t\t\t\t\t<p>\u00a0<\/p><p>\u00a0<\/p><p style=\"text-align: right;\"><strong><span style=\"color: #000000;\">&#8220;La voz existe para ser escuchada,<\/span><\/strong><strong><span style=\"color: #000000;\"> igual que tu empresa&#8221;.<\/span><\/strong><\/p><p>\u00a0<\/p><p style=\"text-align: right;\"><span style=\"color: #000000;\">Zet Creativo<\/span><\/p>\t\t\t\t\t\t\t\t<\/div>\n\t\t\t\t\t<\/div>\n\t\t<\/div>\n\t\t\t\t\t<\/div>\n\t\t<\/section>\n\t\t\t\t<section class=\"elementor-section elementor-top-section elementor-element elementor-element-2ee4836 elementor-section-boxed elementor-section-height-default elementor-section-height-default\" data-id=\"2ee4836\" data-element_type=\"section\" data-e-type=\"section\">\n\t\t\t\t\t\t<div class=\"elementor-container elementor-column-gap-default\">\n\t\t\t\t\t<div class=\"elementor-column elementor-col-100 elementor-top-column elementor-element elementor-element-0082202\" data-id=\"0082202\" data-element_type=\"column\" data-e-type=\"column\">\n\t\t\t<div class=\"elementor-widget-wrap elementor-element-populated\">\n\t\t\t\t\t\t<div class=\"elementor-element elementor-element-6dad2bc elementor-widget__width-initial elementor-widget elementor-widget-image\" data-id=\"6dad2bc\" data-element_type=\"widget\" data-e-type=\"widget\" data-widget_type=\"image.default\">\n\t\t\t\t\t\t\t\t\t\t\t\t\t\t\t<img fetchpriority=\"high\" decoding=\"async\" width=\"768\" height=\"369\" src=\"https:\/\/zetcreativo.com\/wp-content\/uploads\/2025\/01\/Banner-Horizontal-Nuevos-Ingresos-Minimalista-.png-1024x492.jpeg\" class=\"attachment-large size-large wp-image-891\" alt=\"\" srcset=\"https:\/\/zetcreativo.com\/wp-content\/uploads\/2025\/01\/Banner-Horizontal-Nuevos-Ingresos-Minimalista-.png-1024x492.jpeg 1024w, https:\/\/zetcreativo.com\/wp-content\/uploads\/2025\/01\/Banner-Horizontal-Nuevos-Ingresos-Minimalista-.png-300x144.jpeg 300w, https:\/\/zetcreativo.com\/wp-content\/uploads\/2025\/01\/Banner-Horizontal-Nuevos-Ingresos-Minimalista-.png-768x369.jpeg 768w, https:\/\/zetcreativo.com\/wp-content\/uploads\/2025\/01\/Banner-Horizontal-Nuevos-Ingresos-Minimalista-.png-1536x737.jpeg 1536w, https:\/\/zetcreativo.com\/wp-content\/uploads\/2025\/01\/Banner-Horizontal-Nuevos-Ingresos-Minimalista-.png-2048x983.jpeg 2048w, https:\/\/zetcreativo.com\/wp-content\/uploads\/2025\/01\/Banner-Horizontal-Nuevos-Ingresos-Minimalista-.png-1140x547.jpeg 1140w, https:\/\/zetcreativo.com\/wp-content\/uploads\/2025\/01\/Banner-Horizontal-Nuevos-Ingresos-Minimalista-.png-600x288.jpeg 600w\" sizes=\"(max-width: 768px) 100vw, 768px\" \/>\t\t\t\t\t\t\t\t\t\t\t\t\t\t\t<\/div>\n\t\t\t\t\t<\/div>\n\t\t<\/div>\n\t\t\t\t\t<\/div>\n\t\t<\/section>\n\t\t\t\t<section class=\"elementor-section elementor-top-section elementor-element elementor-element-0c6d467 elementor-section-boxed elementor-section-height-default elementor-section-height-default\" data-id=\"0c6d467\" data-element_type=\"section\" data-e-type=\"section\">\n\t\t\t\t\t\t<div class=\"elementor-container elementor-column-gap-default\">\n\t\t\t\t\t<div class=\"elementor-column elementor-col-100 elementor-top-column elementor-element elementor-element-0c3e8ee\" data-id=\"0c3e8ee\" data-element_type=\"column\" data-e-type=\"column\">\n\t\t\t<div class=\"elementor-widget-wrap elementor-element-populated\">\n\t\t\t\t\t\t<div class=\"elementor-element elementor-element-8537f3f elementor-widget elementor-widget-text-editor\" data-id=\"8537f3f\" data-element_type=\"widget\" data-e-type=\"widget\" data-widget_type=\"text-editor.default\">\n\t\t\t\t\t\t\t\t\t<p style=\"text-align: left;\"><span style=\"color: #000000;\">La voz tiene el poder de transmitir emociones, construir confianza y crear una conexi\u00f3n profunda con el p\u00fablico.<\/span><\/p><p style=\"text-align: left;\">\u00a0<\/p><p style=\"text-align: left;\"><span style=\"color: #000000;\">Puede transmitir un mensaje m\u00e1s all\u00e1 de lo que se ve en pantalla.<\/span><\/p><p style=\"text-align: left;\"><span style=\"color: #000000;\">Puede a\u00f1adir una capa emocional que las im\u00e1genes no pueden alcanzar por s\u00ed solas.<\/span><\/p><p style=\"text-align: left;\">\u00a0<\/p><p style=\"text-align: left;\"><span style=\"color: #000000;\">Suele utilizarse en videos corporativos, audios cortos para redes sociales, anuncios, entre otros.<\/span><\/p><p>\u00a0<\/p>\t\t\t\t\t\t\t\t<\/div>\n\t\t\t\t\t<\/div>\n\t\t<\/div>\n\t\t\t\t\t<\/div>\n\t\t<\/section>\n\t\t\t\t<section class=\"elementor-section elementor-top-section elementor-element elementor-element-631a763 elementor-section-boxed elementor-section-height-default elementor-section-height-default\" data-id=\"631a763\" data-element_type=\"section\" data-e-type=\"section\">\n\t\t\t\t\t\t<div class=\"elementor-container elementor-column-gap-default\">\n\t\t\t\t\t<div class=\"elementor-column elementor-col-100 elementor-top-column elementor-element elementor-element-e5c4594\" data-id=\"e5c4594\" data-element_type=\"column\" data-e-type=\"column\">\n\t\t\t<div class=\"elementor-widget-wrap elementor-element-populated\">\n\t\t\t\t\t\t<section class=\"elementor-section elementor-inner-section elementor-element elementor-element-29d98ed elementor-section-boxed elementor-section-height-default elementor-section-height-default\" data-id=\"29d98ed\" data-element_type=\"section\" data-e-type=\"section\">\n\t\t\t\t\t\t<div class=\"elementor-container elementor-column-gap-default\">\n\t\t\t\t\t<div class=\"elementor-column elementor-col-50 elementor-inner-column elementor-element elementor-element-9090583\" data-id=\"9090583\" data-element_type=\"column\" data-e-type=\"column\">\n\t\t\t<div class=\"elementor-widget-wrap elementor-element-populated\">\n\t\t\t\t\t\t<div class=\"elementor-element elementor-element-0c6c60b elementor-widget elementor-widget-video\" data-id=\"0c6c60b\" data-element_type=\"widget\" data-e-type=\"widget\" data-settings=\"{&quot;video_type&quot;:&quot;hosted&quot;,&quot;controls&quot;:&quot;yes&quot;}\" data-widget_type=\"video.default\">\n\t\t\t\t\t\t\t<div class=\"e-hosted-video elementor-wrapper elementor-open-inline\">\n\t\t\t\t\t<video class=\"elementor-video\" src=\"https:\/\/zetcreativo.com\/wp-content\/uploads\/2025\/01\/Presentacion-Preventize.mp4\" controls=\"\" preload=\"metadata\" controlsList=\"nodownload\"><\/video>\n\t\t\t\t<\/div>\n\t\t\t\t\t\t<\/div>\n\t\t\t\t\t<\/div>\n\t\t<\/div>\n\t\t\t\t<div class=\"elementor-column elementor-col-50 elementor-inner-column elementor-element elementor-element-d40ea95\" data-id=\"d40ea95\" data-element_type=\"column\" data-e-type=\"column\">\n\t\t\t<div class=\"elementor-widget-wrap elementor-element-populated\">\n\t\t\t\t\t\t<div class=\"elementor-element elementor-element-32f994f elementor-widget elementor-widget-video\" data-id=\"32f994f\" data-element_type=\"widget\" data-e-type=\"widget\" data-settings=\"{&quot;video_type&quot;:&quot;hosted&quot;,&quot;controls&quot;:&quot;yes&quot;}\" data-widget_type=\"video.default\">\n\t\t\t\t\t\t\t<div class=\"e-hosted-video elementor-wrapper elementor-open-inline\">\n\t\t\t\t\t<video class=\"elementor-video\" src=\"https:\/\/zetcreativo.com\/wp-content\/uploads\/2023\/09\/White-Live-Podcast-Facebook-Post-1.mp4\" controls=\"\" preload=\"metadata\" controlsList=\"nodownload\"><\/video>\n\t\t\t\t<\/div>\n\t\t\t\t\t\t<\/div>\n\t\t\t\t\t<\/div>\n\t\t<\/div>\n\t\t\t\t\t<\/div>\n\t\t<\/section>\n\t\t\t\t\t<\/div>\n\t\t<\/div>\n\t\t\t\t\t<\/div>\n\t\t<\/section>\n\t\t\t\t<section class=\"elementor-section elementor-top-section elementor-element elementor-element-a1d9f33 elementor-section-boxed elementor-section-height-default elementor-section-height-default\" data-id=\"a1d9f33\" data-element_type=\"section\" data-e-type=\"section\">\n\t\t\t\t\t\t<div class=\"elementor-container elementor-column-gap-default\">\n\t\t\t\t\t<div class=\"elementor-column elementor-col-100 elementor-top-column elementor-element elementor-element-426699c\" data-id=\"426699c\" data-element_type=\"column\" data-e-type=\"column\">\n\t\t\t<div class=\"elementor-widget-wrap elementor-element-populated\">\n\t\t\t\t\t\t<div class=\"elementor-element elementor-element-679257f elementor-widget elementor-widget-text-editor\" data-id=\"679257f\" data-element_type=\"widget\" data-e-type=\"widget\" data-widget_type=\"text-editor.default\">\n\t\t\t\t\t\t\t\t\t<p><span style=\"color: #000000;\">El audio se entrega en formato .wav y .mp3 y el costo var\u00eda dependiendo el uso, duraci\u00f3n del mismo y si requiere la creaci\u00f3n de un gui\u00f3n o ya cuenta con uno.<\/span><\/p><p>\u00a0 \u00a0 \u00a0 \u00a0 \u00a0 \u00a0 \u00a0 \u00a0 \u00a0 <img decoding=\"async\" class=\"alignnone  wp-image-1395\" src=\"https:\/\/zetcreativo.com\/wp-content\/uploads\/2026\/03\/Zet-creativo1-225x300.jpg\" alt=\"\" width=\"299\" height=\"400\" data-wp-editing=\"1\" \/>\u00a0 \u00a0 \u00a0\u00a0 <img decoding=\"async\" class=\"alignright wp-image-1396\" src=\"https:\/\/zetcreativo.com\/wp-content\/uploads\/2026\/03\/loc-300x200.jpg\" alt=\"\" width=\"413\" height=\"275\" srcset=\"https:\/\/zetcreativo.com\/wp-content\/uploads\/2026\/03\/loc-300x200.jpg 300w, https:\/\/zetcreativo.com\/wp-content\/uploads\/2026\/03\/loc-1024x683.jpg 1024w, https:\/\/zetcreativo.com\/wp-content\/uploads\/2026\/03\/loc-768x512.jpg 768w, https:\/\/zetcreativo.com\/wp-content\/uploads\/2026\/03\/loc.jpg 1200w\" sizes=\"(max-width: 413px) 100vw, 413px\" \/><\/p>\t\t\t\t\t\t\t\t<\/div>\n\t\t\t\t\t<\/div>\n\t\t<\/div>\n\t\t\t\t\t<\/div>\n\t\t<\/section>\n\t\t\t\t<section class=\"elementor-section elementor-top-section elementor-element elementor-element-258dd79 elementor-section-boxed elementor-section-height-default elementor-section-height-default\" data-id=\"258dd79\" data-element_type=\"section\" data-e-type=\"section\">\n\t\t\t\t\t\t<div class=\"elementor-container elementor-column-gap-default\">\n\t\t\t\t\t<div class=\"elementor-column elementor-col-100 elementor-top-column elementor-element elementor-element-41249c1\" data-id=\"41249c1\" data-element_type=\"column\" data-e-type=\"column\">\n\t\t\t<div class=\"elementor-widget-wrap elementor-element-populated\">\n\t\t\t\t\t\t<div class=\"elementor-element elementor-element-376ba2b elementor-button-info elementor-widget elementor-widget-button\" data-id=\"376ba2b\" data-element_type=\"widget\" data-e-type=\"widget\" data-widget_type=\"button.default\">\n\t\t\t\t\t\t\t\t\t\t<a class=\"elementor-button elementor-button-link elementor-size-sm\" href=\"https:\/\/zetcreativo.com\/index.php\/contacta-a-zet-creativo\/\">\n\t\t\t\t\t\t<span class=\"elementor-button-content-wrapper\">\n\t\t\t\t\t\t\t\t\t<span class=\"elementor-button-text\">Cotiza ahora<\/span>\n\t\t\t\t\t<\/span>\n\t\t\t\t\t<\/a>\n\t\t\t\t\t\t\t\t<\/div>\n\t\t\t\t\t<\/div>\n\t\t<\/div>\n\t\t\t\t\t<\/div>\n\t\t<\/section>\n\t\t\t\t<\/div>\n\t\t","protected":false},"excerpt":{"rendered":"<p>Voces \u00a0 \u00a0 &#8220;La voz existe para ser escuchada, igual que tu empresa&#8221;. \u00a0 Zet Creativo La voz tiene el poder de transmitir emociones, construir confianza y crear una conexi\u00f3n profunda con el p\u00fablico. \u00a0 Puede transmitir un mensaje m\u00e1s all\u00e1 de lo que se ve en pantalla. Puede a\u00f1adir una capa emocional que las [&hellip;]<\/p>\n","protected":false},"author":1,"featured_media":0,"parent":0,"menu_order":0,"comment_status":"closed","ping_status":"closed","template":"elementor_header_footer","meta":{"om_disable_all_campaigns":false,"_monsterinsights_skip_tracking":false,"_monsterinsights_sitenote_active":false,"_monsterinsights_sitenote_note":"","_monsterinsights_sitenote_category":0,"footnotes":""},"class_list":["post-190","page","type-page","status-publish","hentry"],"yoast_head":"<!-- This site is optimized with the Yoast SEO Premium plugin v27.1 (Yoast SEO v27.1.1) - https:\/\/yoast.com\/product\/yoast-seo-premium-wordpress\/ -->\n<title>VOCES -<\/title>\n<meta name=\"description\" content=\"voces para videos corporativos, audios para redes sociales o spots comerciales, voz en off para tu empresa o negocio\" \/>\n<meta name=\"robots\" content=\"index, follow, max-snippet:-1, max-image-preview:large, max-video-preview:-1\" \/>\n<link rel=\"canonical\" href=\"https:\/\/zetcreativo.com\/index.php\/voces\/\" \/>\n<meta property=\"og:locale\" content=\"en_US\" \/>\n<meta property=\"og:type\" content=\"article\" \/>\n<meta property=\"og:title\" content=\"VOCES\" \/>\n<meta property=\"og:description\" content=\"voces para videos corporativos, audios para redes sociales o spots comerciales, voz en off para tu empresa o negocio\" \/>\n<meta property=\"og:url\" content=\"https:\/\/zetcreativo.com\/index.php\/voces\/\" \/>\n<meta property=\"article:publisher\" content=\"https:\/\/www.facebook.com\/zetcreativomx\" \/>\n<meta property=\"article:modified_time\" content=\"2026-03-04T05:07:41+00:00\" \/>\n<meta property=\"og:image\" content=\"https:\/\/zetcreativo.com\/wp-content\/uploads\/2025\/01\/Banner-Horizontal-Nuevos-Ingresos-Minimalista-.png-scaled.jpeg\" \/>\n\t<meta property=\"og:image:width\" content=\"2560\" \/>\n\t<meta property=\"og:image:height\" content=\"1229\" \/>\n\t<meta property=\"og:image:type\" content=\"image\/jpeg\" \/>\n<meta name=\"twitter:card\" content=\"summary_large_image\" \/>\n<meta name=\"twitter:label1\" content=\"Est. reading time\" \/>\n\t<meta name=\"twitter:data1\" content=\"1 minute\" \/>\n<script type=\"application\/ld+json\" class=\"yoast-schema-graph\">{\"@context\":\"https:\/\/schema.org\",\"@graph\":[{\"@type\":\"WebPage\",\"@id\":\"https:\/\/zetcreativo.com\/index.php\/voces\/\",\"url\":\"https:\/\/zetcreativo.com\/index.php\/voces\/\",\"name\":\"VOCES -\",\"isPartOf\":{\"@id\":\"https:\/\/zetcreativo.com\/#website\"},\"primaryImageOfPage\":{\"@id\":\"https:\/\/zetcreativo.com\/index.php\/voces\/#primaryimage\"},\"image\":{\"@id\":\"https:\/\/zetcreativo.com\/index.php\/voces\/#primaryimage\"},\"thumbnailUrl\":\"https:\/\/zetcreativo.com\/wp-content\/uploads\/2025\/01\/Banner-Horizontal-Nuevos-Ingresos-Minimalista-.png-1024x492.jpeg\",\"datePublished\":\"2023-04-09T00:10:30+00:00\",\"dateModified\":\"2026-03-04T05:07:41+00:00\",\"description\":\"voces para videos corporativos, audios para redes sociales o spots comerciales, voz en off para tu empresa o negocio\",\"breadcrumb\":{\"@id\":\"https:\/\/zetcreativo.com\/index.php\/voces\/#breadcrumb\"},\"inLanguage\":\"en-US\",\"potentialAction\":[{\"@type\":\"ReadAction\",\"target\":[\"https:\/\/zetcreativo.com\/index.php\/voces\/\"]}]},{\"@type\":\"ImageObject\",\"inLanguage\":\"en-US\",\"@id\":\"https:\/\/zetcreativo.com\/index.php\/voces\/#primaryimage\",\"url\":\"https:\/\/zetcreativo.com\/wp-content\/uploads\/2025\/01\/Banner-Horizontal-Nuevos-Ingresos-Minimalista-.png-scaled.jpeg\",\"contentUrl\":\"https:\/\/zetcreativo.com\/wp-content\/uploads\/2025\/01\/Banner-Horizontal-Nuevos-Ingresos-Minimalista-.png-scaled.jpeg\",\"width\":2560,\"height\":1229},{\"@type\":\"BreadcrumbList\",\"@id\":\"https:\/\/zetcreativo.com\/index.php\/voces\/#breadcrumb\",\"itemListElement\":[{\"@type\":\"ListItem\",\"position\":1,\"name\":\"Inicio\",\"item\":\"https:\/\/zetcreativo.com\/\"},{\"@type\":\"ListItem\",\"position\":2,\"name\":\"VOCES\"}]},{\"@type\":\"WebSite\",\"@id\":\"https:\/\/zetcreativo.com\/#website\",\"url\":\"https:\/\/zetcreativo.com\/\",\"name\":\"www.zetcreativo.com\",\"description\":\"\",\"publisher\":{\"@id\":\"https:\/\/zetcreativo.com\/#organization\"},\"potentialAction\":[{\"@type\":\"SearchAction\",\"target\":{\"@type\":\"EntryPoint\",\"urlTemplate\":\"https:\/\/zetcreativo.com\/?s={search_term_string}\"},\"query-input\":{\"@type\":\"PropertyValueSpecification\",\"valueRequired\":true,\"valueName\":\"search_term_string\"}}],\"inLanguage\":\"en-US\"},{\"@type\":\"Organization\",\"@id\":\"https:\/\/zetcreativo.com\/#organization\",\"name\":\"Zet Creativo\",\"url\":\"https:\/\/zetcreativo.com\/\",\"logo\":{\"@type\":\"ImageObject\",\"inLanguage\":\"en-US\",\"@id\":\"https:\/\/zetcreativo.com\/#\/schema\/logo\/image\/\",\"url\":\"https:\/\/zetcreativo.com\/wp-content\/uploads\/2023\/03\/Icono-blanco-512x512-1.png\",\"contentUrl\":\"https:\/\/zetcreativo.com\/wp-content\/uploads\/2023\/03\/Icono-blanco-512x512-1.png\",\"width\":512,\"height\":512,\"caption\":\"Zet Creativo\"},\"image\":{\"@id\":\"https:\/\/zetcreativo.com\/#\/schema\/logo\/image\/\"},\"sameAs\":[\"https:\/\/www.facebook.com\/zetcreativomx\"]}]}<\/script>\n<!-- \/ Yoast SEO Premium plugin. -->","yoast_head_json":{"title":"VOCES -","description":"voces para videos corporativos, audios para redes sociales o spots comerciales, voz en off para tu empresa o negocio","robots":{"index":"index","follow":"follow","max-snippet":"max-snippet:-1","max-image-preview":"max-image-preview:large","max-video-preview":"max-video-preview:-1"},"canonical":"https:\/\/zetcreativo.com\/index.php\/voces\/","og_locale":"en_US","og_type":"article","og_title":"VOCES","og_description":"voces para videos corporativos, audios para redes sociales o spots comerciales, voz en off para tu empresa o negocio","og_url":"https:\/\/zetcreativo.com\/index.php\/voces\/","article_publisher":"https:\/\/www.facebook.com\/zetcreativomx","article_modified_time":"2026-03-04T05:07:41+00:00","og_image":[{"width":2560,"height":1229,"url":"https:\/\/zetcreativo.com\/wp-content\/uploads\/2025\/01\/Banner-Horizontal-Nuevos-Ingresos-Minimalista-.png-scaled.jpeg","type":"image\/jpeg"}],"twitter_card":"summary_large_image","twitter_misc":{"Est. reading time":"1 minute"},"schema":{"@context":"https:\/\/schema.org","@graph":[{"@type":"WebPage","@id":"https:\/\/zetcreativo.com\/index.php\/voces\/","url":"https:\/\/zetcreativo.com\/index.php\/voces\/","name":"VOCES -","isPartOf":{"@id":"https:\/\/zetcreativo.com\/#website"},"primaryImageOfPage":{"@id":"https:\/\/zetcreativo.com\/index.php\/voces\/#primaryimage"},"image":{"@id":"https:\/\/zetcreativo.com\/index.php\/voces\/#primaryimage"},"thumbnailUrl":"https:\/\/zetcreativo.com\/wp-content\/uploads\/2025\/01\/Banner-Horizontal-Nuevos-Ingresos-Minimalista-.png-1024x492.jpeg","datePublished":"2023-04-09T00:10:30+00:00","dateModified":"2026-03-04T05:07:41+00:00","description":"voces para videos corporativos, audios para redes sociales o spots comerciales, voz en off para tu empresa o negocio","breadcrumb":{"@id":"https:\/\/zetcreativo.com\/index.php\/voces\/#breadcrumb"},"inLanguage":"en-US","potentialAction":[{"@type":"ReadAction","target":["https:\/\/zetcreativo.com\/index.php\/voces\/"]}]},{"@type":"ImageObject","inLanguage":"en-US","@id":"https:\/\/zetcreativo.com\/index.php\/voces\/#primaryimage","url":"https:\/\/zetcreativo.com\/wp-content\/uploads\/2025\/01\/Banner-Horizontal-Nuevos-Ingresos-Minimalista-.png-scaled.jpeg","contentUrl":"https:\/\/zetcreativo.com\/wp-content\/uploads\/2025\/01\/Banner-Horizontal-Nuevos-Ingresos-Minimalista-.png-scaled.jpeg","width":2560,"height":1229},{"@type":"BreadcrumbList","@id":"https:\/\/zetcreativo.com\/index.php\/voces\/#breadcrumb","itemListElement":[{"@type":"ListItem","position":1,"name":"Inicio","item":"https:\/\/zetcreativo.com\/"},{"@type":"ListItem","position":2,"name":"VOCES"}]},{"@type":"WebSite","@id":"https:\/\/zetcreativo.com\/#website","url":"https:\/\/zetcreativo.com\/","name":"www.zetcreativo.com","description":"","publisher":{"@id":"https:\/\/zetcreativo.com\/#organization"},"potentialAction":[{"@type":"SearchAction","target":{"@type":"EntryPoint","urlTemplate":"https:\/\/zetcreativo.com\/?s={search_term_string}"},"query-input":{"@type":"PropertyValueSpecification","valueRequired":true,"valueName":"search_term_string"}}],"inLanguage":"en-US"},{"@type":"Organization","@id":"https:\/\/zetcreativo.com\/#organization","name":"Zet Creativo","url":"https:\/\/zetcreativo.com\/","logo":{"@type":"ImageObject","inLanguage":"en-US","@id":"https:\/\/zetcreativo.com\/#\/schema\/logo\/image\/","url":"https:\/\/zetcreativo.com\/wp-content\/uploads\/2023\/03\/Icono-blanco-512x512-1.png","contentUrl":"https:\/\/zetcreativo.com\/wp-content\/uploads\/2023\/03\/Icono-blanco-512x512-1.png","width":512,"height":512,"caption":"Zet Creativo"},"image":{"@id":"https:\/\/zetcreativo.com\/#\/schema\/logo\/image\/"},"sameAs":["https:\/\/www.facebook.com\/zetcreativomx"]}]}},"jetpack_sharing_enabled":true,"_links":{"self":[{"href":"https:\/\/zetcreativo.com\/index.php\/wp-json\/wp\/v2\/pages\/190","targetHints":{"allow":["GET"]}}],"collection":[{"href":"https:\/\/zetcreativo.com\/index.php\/wp-json\/wp\/v2\/pages"}],"about":[{"href":"https:\/\/zetcreativo.com\/index.php\/wp-json\/wp\/v2\/types\/page"}],"author":[{"embeddable":true,"href":"https:\/\/zetcreativo.com\/index.php\/wp-json\/wp\/v2\/users\/1"}],"replies":[{"embeddable":true,"href":"https:\/\/zetcreativo.com\/index.php\/wp-json\/wp\/v2\/comments?post=190"}],"version-history":[{"count":78,"href":"https:\/\/zetcreativo.com\/index.php\/wp-json\/wp\/v2\/pages\/190\/revisions"}],"predecessor-version":[{"id":1399,"href":"https:\/\/zetcreativo.com\/index.php\/wp-json\/wp\/v2\/pages\/190\/revisions\/1399"}],"wp:attachment":[{"href":"https:\/\/zetcreativo.com\/index.php\/wp-json\/wp\/v2\/media?parent=190"}],"curies":[{"name":"wp","href":"https:\/\/api.w.org\/{rel}","templated":true}]}}