{"id":1216,"date":"2025-06-15T08:49:50","date_gmt":"2025-06-15T08:49:50","guid":{"rendered":"https:\/\/zetcreativo.com\/?page_id=1216"},"modified":"2025-06-15T09:00:24","modified_gmt":"2025-06-15T09:00:24","slug":"los-podcast-de-zet-creativo","status":"publish","type":"page","link":"https:\/\/zetcreativo.com\/index.php\/los-podcast-de-zet-creativo\/","title":{"rendered":"Los Podcast de Zet Creativo"},"content":{"rendered":"\n<p>En caso de no tener Spotify, te dejamos el link a nuestros podcast de bolsillo. Podr\u00e1s escucharlos en cualquier parte. Son podcast breves que hablan acerca de temas relacionados con la consultor\u00eda, consejos, tips y definiciones que pueden ayudarte a t\u00ed como emprendedor, a hacer crecer tu empresa.<\/p>\n\n\n\n<p><\/p>\n\n\n\n<figure class=\"wp-block-audio\"><audio controls src=\"https:\/\/zetcreativo.com\/wp-content\/uploads\/2025\/06\/Zet-Creativo-Podcast-Cap1-15Marzo2025.mp3\"><\/audio><\/figure>\n\n\n\n<p>Cap\u00edtulo 1: Acerca del aprendizaje<\/p>\n\n\n\n<figure class=\"wp-block-audio\"><audio controls src=\"https:\/\/zetcreativo.com\/wp-content\/uploads\/2025\/06\/Zet-Creativo-Podcast-Cap-2-19Marzo2025.mp3\"><\/audio><\/figure>\n\n\n\n<p>Cap\u00edtulo 2: \u00bfSabes hacia d\u00f3nde va tu empresa?<\/p>\n\n\n\n<figure class=\"wp-block-audio\"><audio controls src=\"https:\/\/zetcreativo.com\/wp-content\/uploads\/2025\/06\/Zet-Creativo-Podcast-Cap3-25Marzo2025.mp3\"><\/audio><\/figure>\n\n\n\n<p>Cap\u00edtulo 3: Aspectos importantes al publicar en medios digitales<\/p>\n\n\n\n<figure class=\"wp-block-audio\"><audio controls src=\"https:\/\/zetcreativo.com\/wp-content\/uploads\/2025\/06\/Zet-Creativo-Podcast-Cap-4-1Abril2025.mp3\"><\/audio><\/figure>\n\n\n\n<p>Cap\u00edtulo 4: Imagen Corporativa<\/p>\n\n\n\n<figure class=\"wp-block-audio\"><audio controls src=\"https:\/\/zetcreativo.com\/wp-content\/uploads\/2025\/06\/Zet-Creativo-Podcast-Cap5-08Abril2025.mp3\"><\/audio><\/figure>\n\n\n\n<p>Cap\u00edtulo 5: Identidad Corporativa<\/p>\n\n\n\n<figure class=\"wp-block-audio\"><audio controls src=\"https:\/\/zetcreativo.com\/wp-content\/uploads\/2025\/06\/Zet-Creativo-Podcast-Cap6-30Abril2025.mp3\"><\/audio><\/figure>\n\n\n\n<p>Cap\u00edtulo 6: Imagen empresarial desde la atenci\u00f3n al cliente<\/p>\n\n\n\n<figure class=\"wp-block-audio\"><audio controls src=\"https:\/\/zetcreativo.com\/wp-content\/uploads\/2025\/06\/Zet-Creativo-Podcast-Cap7-24Mayo2025-Exigencias-cliente.mp3\"><\/audio><\/figure>\n\n\n\n<p>Cap\u00edtulo 7: C\u00f3mo afectan las exigencias de los clientes a una empresa<\/p>\n\n\n\n<p><\/p>\n","protected":false},"excerpt":{"rendered":"<p>En caso de no tener Spotify, te dejamos el link a nuestros podcast de bolsillo. Podr\u00e1s escucharlos en cualquier parte. Son podcast breves que hablan acerca de temas relacionados con la consultor\u00eda, consejos, tips y definiciones que pueden ayudarte a t\u00ed como emprendedor, a hacer crecer tu empresa. Cap\u00edtulo 1: Acerca del aprendizaje Cap\u00edtulo 2: [&hellip;]<\/p>\n","protected":false},"author":1,"featured_media":0,"parent":0,"menu_order":0,"comment_status":"closed","ping_status":"closed","template":"elementor_header_footer","meta":{"om_disable_all_campaigns":false,"_monsterinsights_skip_tracking":false,"_monsterinsights_sitenote_active":false,"_monsterinsights_sitenote_note":"","_monsterinsights_sitenote_category":0,"footnotes":""},"class_list":["post-1216","page","type-page","status-publish","hentry"],"yoast_head":"<!-- This site is optimized with the Yoast SEO Premium plugin v27.1 (Yoast SEO v27.1.1) - https:\/\/yoast.com\/product\/yoast-seo-premium-wordpress\/ -->\n<title>Los Podcast de Zet Creativo -<\/title>\n<meta name=\"description\" content=\"Podcast breves para gente ocupada, podcast de bolsillo de Zet Creativo. Comunicaci\u00f3n, imagen, marketing, identidad, emprendimiento\" \/>\n<meta name=\"robots\" content=\"index, follow, max-snippet:-1, max-image-preview:large, max-video-preview:-1\" \/>\n<link rel=\"canonical\" href=\"https:\/\/zetcreativo.com\/index.php\/los-podcast-de-zet-creativo\/\" \/>\n<meta property=\"og:locale\" content=\"en_US\" \/>\n<meta property=\"og:type\" content=\"article\" \/>\n<meta property=\"og:title\" content=\"Los Podcast de Zet Creativo\" \/>\n<meta property=\"og:description\" content=\"Podcast breves para gente ocupada, podcast de bolsillo de Zet Creativo. Comunicaci\u00f3n, imagen, marketing, identidad, emprendimiento\" \/>\n<meta property=\"og:url\" content=\"https:\/\/zetcreativo.com\/index.php\/los-podcast-de-zet-creativo\/\" \/>\n<meta property=\"article:publisher\" content=\"https:\/\/www.facebook.com\/zetcreativomx\" \/>\n<meta property=\"article:modified_time\" content=\"2025-06-15T09:00:24+00:00\" \/>\n<meta name=\"twitter:card\" content=\"summary_large_image\" \/>\n<meta name=\"twitter:label1\" content=\"Est. reading time\" \/>\n\t<meta name=\"twitter:data1\" content=\"1 minute\" \/>\n<script type=\"application\/ld+json\" class=\"yoast-schema-graph\">{\"@context\":\"https:\/\/schema.org\",\"@graph\":[{\"@type\":\"WebPage\",\"@id\":\"https:\/\/zetcreativo.com\/index.php\/los-podcast-de-zet-creativo\/\",\"url\":\"https:\/\/zetcreativo.com\/index.php\/los-podcast-de-zet-creativo\/\",\"name\":\"Los Podcast de Zet Creativo -\",\"isPartOf\":{\"@id\":\"https:\/\/zetcreativo.com\/#website\"},\"datePublished\":\"2025-06-15T08:49:50+00:00\",\"dateModified\":\"2025-06-15T09:00:24+00:00\",\"description\":\"Podcast breves para gente ocupada, podcast de bolsillo de Zet Creativo. Comunicaci\u00f3n, imagen, marketing, identidad, emprendimiento\",\"breadcrumb\":{\"@id\":\"https:\/\/zetcreativo.com\/index.php\/los-podcast-de-zet-creativo\/#breadcrumb\"},\"inLanguage\":\"en-US\",\"potentialAction\":[{\"@type\":\"ReadAction\",\"target\":[\"https:\/\/zetcreativo.com\/index.php\/los-podcast-de-zet-creativo\/\"]}]},{\"@type\":\"BreadcrumbList\",\"@id\":\"https:\/\/zetcreativo.com\/index.php\/los-podcast-de-zet-creativo\/#breadcrumb\",\"itemListElement\":[{\"@type\":\"ListItem\",\"position\":1,\"name\":\"Inicio\",\"item\":\"https:\/\/zetcreativo.com\/\"},{\"@type\":\"ListItem\",\"position\":2,\"name\":\"Los Podcast de Zet Creativo\"}]},{\"@type\":\"WebSite\",\"@id\":\"https:\/\/zetcreativo.com\/#website\",\"url\":\"https:\/\/zetcreativo.com\/\",\"name\":\"www.zetcreativo.com\",\"description\":\"\",\"publisher\":{\"@id\":\"https:\/\/zetcreativo.com\/#organization\"},\"potentialAction\":[{\"@type\":\"SearchAction\",\"target\":{\"@type\":\"EntryPoint\",\"urlTemplate\":\"https:\/\/zetcreativo.com\/?s={search_term_string}\"},\"query-input\":{\"@type\":\"PropertyValueSpecification\",\"valueRequired\":true,\"valueName\":\"search_term_string\"}}],\"inLanguage\":\"en-US\"},{\"@type\":\"Organization\",\"@id\":\"https:\/\/zetcreativo.com\/#organization\",\"name\":\"Zet Creativo\",\"url\":\"https:\/\/zetcreativo.com\/\",\"logo\":{\"@type\":\"ImageObject\",\"inLanguage\":\"en-US\",\"@id\":\"https:\/\/zetcreativo.com\/#\/schema\/logo\/image\/\",\"url\":\"https:\/\/zetcreativo.com\/wp-content\/uploads\/2023\/03\/Icono-blanco-512x512-1.png\",\"contentUrl\":\"https:\/\/zetcreativo.com\/wp-content\/uploads\/2023\/03\/Icono-blanco-512x512-1.png\",\"width\":512,\"height\":512,\"caption\":\"Zet Creativo\"},\"image\":{\"@id\":\"https:\/\/zetcreativo.com\/#\/schema\/logo\/image\/\"},\"sameAs\":[\"https:\/\/www.facebook.com\/zetcreativomx\"]}]}<\/script>\n<!-- \/ Yoast SEO Premium plugin. -->","yoast_head_json":{"title":"Los Podcast de Zet Creativo -","description":"Podcast breves para gente ocupada, podcast de bolsillo de Zet Creativo. Comunicaci\u00f3n, imagen, marketing, identidad, emprendimiento","robots":{"index":"index","follow":"follow","max-snippet":"max-snippet:-1","max-image-preview":"max-image-preview:large","max-video-preview":"max-video-preview:-1"},"canonical":"https:\/\/zetcreativo.com\/index.php\/los-podcast-de-zet-creativo\/","og_locale":"en_US","og_type":"article","og_title":"Los Podcast de Zet Creativo","og_description":"Podcast breves para gente ocupada, podcast de bolsillo de Zet Creativo. Comunicaci\u00f3n, imagen, marketing, identidad, emprendimiento","og_url":"https:\/\/zetcreativo.com\/index.php\/los-podcast-de-zet-creativo\/","article_publisher":"https:\/\/www.facebook.com\/zetcreativomx","article_modified_time":"2025-06-15T09:00:24+00:00","twitter_card":"summary_large_image","twitter_misc":{"Est. reading time":"1 minute"},"schema":{"@context":"https:\/\/schema.org","@graph":[{"@type":"WebPage","@id":"https:\/\/zetcreativo.com\/index.php\/los-podcast-de-zet-creativo\/","url":"https:\/\/zetcreativo.com\/index.php\/los-podcast-de-zet-creativo\/","name":"Los Podcast de Zet Creativo -","isPartOf":{"@id":"https:\/\/zetcreativo.com\/#website"},"datePublished":"2025-06-15T08:49:50+00:00","dateModified":"2025-06-15T09:00:24+00:00","description":"Podcast breves para gente ocupada, podcast de bolsillo de Zet Creativo. Comunicaci\u00f3n, imagen, marketing, identidad, emprendimiento","breadcrumb":{"@id":"https:\/\/zetcreativo.com\/index.php\/los-podcast-de-zet-creativo\/#breadcrumb"},"inLanguage":"en-US","potentialAction":[{"@type":"ReadAction","target":["https:\/\/zetcreativo.com\/index.php\/los-podcast-de-zet-creativo\/"]}]},{"@type":"BreadcrumbList","@id":"https:\/\/zetcreativo.com\/index.php\/los-podcast-de-zet-creativo\/#breadcrumb","itemListElement":[{"@type":"ListItem","position":1,"name":"Inicio","item":"https:\/\/zetcreativo.com\/"},{"@type":"ListItem","position":2,"name":"Los Podcast de Zet Creativo"}]},{"@type":"WebSite","@id":"https:\/\/zetcreativo.com\/#website","url":"https:\/\/zetcreativo.com\/","name":"www.zetcreativo.com","description":"","publisher":{"@id":"https:\/\/zetcreativo.com\/#organization"},"potentialAction":[{"@type":"SearchAction","target":{"@type":"EntryPoint","urlTemplate":"https:\/\/zetcreativo.com\/?s={search_term_string}"},"query-input":{"@type":"PropertyValueSpecification","valueRequired":true,"valueName":"search_term_string"}}],"inLanguage":"en-US"},{"@type":"Organization","@id":"https:\/\/zetcreativo.com\/#organization","name":"Zet Creativo","url":"https:\/\/zetcreativo.com\/","logo":{"@type":"ImageObject","inLanguage":"en-US","@id":"https:\/\/zetcreativo.com\/#\/schema\/logo\/image\/","url":"https:\/\/zetcreativo.com\/wp-content\/uploads\/2023\/03\/Icono-blanco-512x512-1.png","contentUrl":"https:\/\/zetcreativo.com\/wp-content\/uploads\/2023\/03\/Icono-blanco-512x512-1.png","width":512,"height":512,"caption":"Zet Creativo"},"image":{"@id":"https:\/\/zetcreativo.com\/#\/schema\/logo\/image\/"},"sameAs":["https:\/\/www.facebook.com\/zetcreativomx"]}]}},"jetpack_sharing_enabled":true,"_links":{"self":[{"href":"https:\/\/zetcreativo.com\/index.php\/wp-json\/wp\/v2\/pages\/1216","targetHints":{"allow":["GET"]}}],"collection":[{"href":"https:\/\/zetcreativo.com\/index.php\/wp-json\/wp\/v2\/pages"}],"about":[{"href":"https:\/\/zetcreativo.com\/index.php\/wp-json\/wp\/v2\/types\/page"}],"author":[{"embeddable":true,"href":"https:\/\/zetcreativo.com\/index.php\/wp-json\/wp\/v2\/users\/1"}],"replies":[{"embeddable":true,"href":"https:\/\/zetcreativo.com\/index.php\/wp-json\/wp\/v2\/comments?post=1216"}],"version-history":[{"count":2,"href":"https:\/\/zetcreativo.com\/index.php\/wp-json\/wp\/v2\/pages\/1216\/revisions"}],"predecessor-version":[{"id":1234,"href":"https:\/\/zetcreativo.com\/index.php\/wp-json\/wp\/v2\/pages\/1216\/revisions\/1234"}],"wp:attachment":[{"href":"https:\/\/zetcreativo.com\/index.php\/wp-json\/wp\/v2\/media?parent=1216"}],"curies":[{"name":"wp","href":"https:\/\/api.w.org\/{rel}","templated":true}]}}