{"id":1045,"date":"2025-02-16T05:55:43","date_gmt":"2025-02-16T05:55:43","guid":{"rendered":"https:\/\/zetcreativo.com\/?page_id=1045"},"modified":"2026-03-04T05:32:39","modified_gmt":"2026-03-04T05:32:39","slug":"video-de-producto-para-redes-sociales","status":"publish","type":"page","link":"https:\/\/zetcreativo.com\/index.php\/video-de-producto-para-redes-sociales\/","title":{"rendered":"VIDEO DE PRODUCTO PARA REDES SOCIALES"},"content":{"rendered":"\t\t<div data-elementor-type=\"wp-page\" data-elementor-id=\"1045\" class=\"elementor elementor-1045\" data-elementor-post-type=\"page\">\n\t\t\t\t\t\t<section class=\"elementor-section elementor-top-section elementor-element elementor-element-dd7c031 elementor-section-boxed elementor-section-height-default elementor-section-height-default\" data-id=\"dd7c031\" data-element_type=\"section\" data-e-type=\"section\">\n\t\t\t\t\t\t<div class=\"elementor-container elementor-column-gap-default\">\n\t\t\t\t\t<div class=\"elementor-column elementor-col-100 elementor-top-column elementor-element elementor-element-e376c9c\" data-id=\"e376c9c\" data-element_type=\"column\" data-e-type=\"column\">\n\t\t\t<div class=\"elementor-widget-wrap elementor-element-populated\">\n\t\t\t\t\t\t<div class=\"elementor-element elementor-element-21c5165 elementor-widget elementor-widget-text-editor\" data-id=\"21c5165\" data-element_type=\"widget\" data-e-type=\"widget\" data-widget_type=\"text-editor.default\">\n\t\t\t\t\t\t\t\t\t<p><strong><br><\/strong><\/p><p><strong>VIDEO DE PRODUCTO PARA REDES SOCIALES (CORTA DURACION)<\/strong><\/p>\t\t\t\t\t\t\t\t<\/div>\n\t\t\t\t\t<\/div>\n\t\t<\/div>\n\t\t\t\t\t<\/div>\n\t\t<\/section>\n\t\t\t\t<section class=\"elementor-section elementor-top-section elementor-element elementor-element-a62d4d1 elementor-section-boxed elementor-section-height-default elementor-section-height-default\" data-id=\"a62d4d1\" data-element_type=\"section\" data-e-type=\"section\">\n\t\t\t\t\t\t<div class=\"elementor-container elementor-column-gap-default\">\n\t\t\t\t\t<div class=\"elementor-column elementor-col-100 elementor-top-column elementor-element elementor-element-ee0166f\" data-id=\"ee0166f\" data-element_type=\"column\" data-e-type=\"column\">\n\t\t\t<div class=\"elementor-widget-wrap elementor-element-populated\">\n\t\t\t\t\t\t<div class=\"elementor-element elementor-element-bb7cffe elementor-widget elementor-widget-text-editor\" data-id=\"bb7cffe\" data-element_type=\"widget\" data-e-type=\"widget\" data-widget_type=\"text-editor.default\">\n\t\t\t\t\t\t\t\t\t<p><\/p>\n<p style=\"text-align: left;\"><span style=\"color: #000000;\">Si deseas capturar la atenci\u00f3n de tus clientes, siempre el uso de videos es una herramienta b\u00e1sica y relevante en publicidad.<\/span><\/p>\n<p style=\"text-align: left;\"><span style=\"color: #000000;\">Son m\u00e1s atractivos m\u00e1s visualmente y en segundos puedes lograr atraerlos hacia tu producto o servicio.<\/span><\/p>\n<p style=\"text-align: left;\"><span style=\"color: #000000;\">En redes sociales tiene mayor alcance.&nbsp;<\/span><\/p>\t\t\t\t\t\t\t\t<\/div>\n\t\t\t\t\t<\/div>\n\t\t<\/div>\n\t\t\t\t\t<\/div>\n\t\t<\/section>\n\t\t\t\t<section class=\"elementor-section elementor-top-section elementor-element elementor-element-e183c37 elementor-section-boxed elementor-section-height-default elementor-section-height-default\" data-id=\"e183c37\" data-element_type=\"section\" data-e-type=\"section\">\n\t\t\t\t\t\t<div class=\"elementor-container elementor-column-gap-default\">\n\t\t\t\t\t<div class=\"elementor-column elementor-col-33 elementor-top-column elementor-element elementor-element-18ed538\" data-id=\"18ed538\" data-element_type=\"column\" data-e-type=\"column\">\n\t\t\t<div class=\"elementor-widget-wrap elementor-element-populated\">\n\t\t\t\t\t\t<div class=\"elementor-element elementor-element-8b6ba8f elementor-widget__width-initial elementor-widget elementor-widget-video\" data-id=\"8b6ba8f\" data-element_type=\"widget\" data-e-type=\"widget\" data-settings=\"{&quot;video_type&quot;:&quot;hosted&quot;,&quot;controls&quot;:&quot;yes&quot;}\" data-widget_type=\"video.default\">\n\t\t\t\t\t\t\t<div class=\"e-hosted-video elementor-wrapper elementor-open-inline\">\n\t\t\t\t\t<video class=\"elementor-video\" src=\"https:\/\/zetcreativo.com\/wp-content\/uploads\/2025\/02\/v09044g40000cujf0ofog65iu9rd5ecg.mp4\" controls=\"\" preload=\"metadata\" controlsList=\"nodownload\"><\/video>\n\t\t\t\t<\/div>\n\t\t\t\t\t\t<\/div>\n\t\t\t\t\t<\/div>\n\t\t<\/div>\n\t\t\t\t<div class=\"elementor-column elementor-col-33 elementor-top-column elementor-element elementor-element-4176d1c\" data-id=\"4176d1c\" data-element_type=\"column\" data-e-type=\"column\">\n\t\t\t<div class=\"elementor-widget-wrap\">\n\t\t\t\t\t\t\t<\/div>\n\t\t<\/div>\n\t\t\t\t<div class=\"elementor-column elementor-col-33 elementor-top-column elementor-element elementor-element-6c0413c\" data-id=\"6c0413c\" data-element_type=\"column\" data-e-type=\"column\">\n\t\t\t<div class=\"elementor-widget-wrap elementor-element-populated\">\n\t\t\t\t\t\t<div class=\"elementor-element elementor-element-e500179 elementor-widget__width-initial elementor-widget elementor-widget-video\" data-id=\"e500179\" data-element_type=\"widget\" data-e-type=\"widget\" data-settings=\"{&quot;video_type&quot;:&quot;hosted&quot;,&quot;controls&quot;:&quot;yes&quot;}\" data-widget_type=\"video.default\">\n\t\t\t\t\t\t\t<div class=\"e-hosted-video elementor-wrapper elementor-open-inline\">\n\t\t\t\t\t<video class=\"elementor-video\" src=\"https:\/\/zetcreativo.com\/wp-content\/uploads\/2025\/02\/v09044g40000ctr1rcnog65vaef29mk0.mp4\" controls=\"\" preload=\"metadata\" controlsList=\"nodownload\"><\/video>\n\t\t\t\t<\/div>\n\t\t\t\t\t\t<\/div>\n\t\t\t\t\t<\/div>\n\t\t<\/div>\n\t\t\t\t\t<\/div>\n\t\t<\/section>\n\t\t\t\t<section class=\"elementor-section elementor-top-section elementor-element elementor-element-271f365 elementor-section-boxed elementor-section-height-default elementor-section-height-default\" data-id=\"271f365\" data-element_type=\"section\" data-e-type=\"section\">\n\t\t\t\t\t\t<div class=\"elementor-container elementor-column-gap-default\">\n\t\t\t\t\t<div class=\"elementor-column elementor-col-33 elementor-top-column elementor-element elementor-element-9ef4b9a\" data-id=\"9ef4b9a\" data-element_type=\"column\" data-e-type=\"column\">\n\t\t\t<div class=\"elementor-widget-wrap elementor-element-populated\">\n\t\t\t\t\t\t<div class=\"elementor-element elementor-element-f15f3a9 elementor-widget__width-initial elementor-widget elementor-widget-video\" data-id=\"f15f3a9\" data-element_type=\"widget\" data-e-type=\"widget\" data-settings=\"{&quot;video_type&quot;:&quot;hosted&quot;,&quot;controls&quot;:&quot;yes&quot;}\" data-widget_type=\"video.default\">\n\t\t\t\t\t\t\t<div class=\"e-hosted-video elementor-wrapper elementor-open-inline\">\n\t\t\t\t\t<video class=\"elementor-video\" src=\"https:\/\/zetcreativo.com\/wp-content\/uploads\/2025\/02\/v09044g40000cto4o2vog65h0k61uoeg.mp4\" controls=\"\" preload=\"metadata\" controlsList=\"nodownload\"><\/video>\n\t\t\t\t<\/div>\n\t\t\t\t\t\t<\/div>\n\t\t\t\t\t<\/div>\n\t\t<\/div>\n\t\t\t\t<div class=\"elementor-column elementor-col-33 elementor-top-column elementor-element elementor-element-da6c8ae\" data-id=\"da6c8ae\" data-element_type=\"column\" data-e-type=\"column\">\n\t\t\t<div class=\"elementor-widget-wrap\">\n\t\t\t\t\t\t\t<\/div>\n\t\t<\/div>\n\t\t\t\t<div class=\"elementor-column elementor-col-33 elementor-top-column elementor-element elementor-element-c5d82be\" data-id=\"c5d82be\" data-element_type=\"column\" data-e-type=\"column\">\n\t\t\t<div class=\"elementor-widget-wrap elementor-element-populated\">\n\t\t\t\t\t\t<div class=\"elementor-element elementor-element-b893674 elementor-widget__width-initial elementor-widget elementor-widget-video\" data-id=\"b893674\" data-element_type=\"widget\" data-e-type=\"widget\" data-settings=\"{&quot;video_type&quot;:&quot;hosted&quot;,&quot;controls&quot;:&quot;yes&quot;}\" data-widget_type=\"video.default\">\n\t\t\t\t\t\t\t<div class=\"e-hosted-video elementor-wrapper elementor-open-inline\">\n\t\t\t\t\t<video class=\"elementor-video\" src=\"https:\/\/zetcreativo.com\/wp-content\/uploads\/2025\/02\/v09044g40000crp52bnog65jkg7blji0.mp4\" controls=\"\" preload=\"metadata\" controlsList=\"nodownload\"><\/video>\n\t\t\t\t<\/div>\n\t\t\t\t\t\t<\/div>\n\t\t\t\t\t<\/div>\n\t\t<\/div>\n\t\t\t\t\t<\/div>\n\t\t<\/section>\n\t\t\t\t<section class=\"elementor-section elementor-top-section elementor-element elementor-element-484b97b elementor-section-boxed elementor-section-height-default elementor-section-height-default\" data-id=\"484b97b\" data-element_type=\"section\" data-e-type=\"section\">\n\t\t\t\t\t\t<div class=\"elementor-container elementor-column-gap-default\">\n\t\t\t\t\t<div class=\"elementor-column elementor-col-50 elementor-top-column elementor-element elementor-element-c2f8249\" data-id=\"c2f8249\" data-element_type=\"column\" data-e-type=\"column\">\n\t\t\t<div class=\"elementor-widget-wrap elementor-element-populated\">\n\t\t\t\t\t\t<div class=\"elementor-element elementor-element-c10222a elementor-widget__width-initial elementor-widget elementor-widget-video\" data-id=\"c10222a\" data-element_type=\"widget\" data-e-type=\"widget\" data-settings=\"{&quot;video_type&quot;:&quot;hosted&quot;,&quot;controls&quot;:&quot;yes&quot;}\" data-widget_type=\"video.default\">\n\t\t\t\t\t\t\t<div class=\"e-hosted-video elementor-wrapper elementor-open-inline\">\n\t\t\t\t\t<video class=\"elementor-video\" src=\"https:\/\/zetcreativo.com\/wp-content\/uploads\/2026\/03\/v09044g40000csqoehnog65h1c3dbthg.mp4\" controls=\"\" preload=\"metadata\" controlsList=\"nodownload\"><\/video>\n\t\t\t\t<\/div>\n\t\t\t\t\t\t<\/div>\n\t\t\t\t\t<\/div>\n\t\t<\/div>\n\t\t\t\t<div class=\"elementor-column elementor-col-50 elementor-top-column elementor-element elementor-element-51f3f06\" data-id=\"51f3f06\" data-element_type=\"column\" data-e-type=\"column\">\n\t\t\t<div class=\"elementor-widget-wrap elementor-element-populated\">\n\t\t\t\t\t\t<div class=\"elementor-element elementor-element-c41b9d8 elementor-widget__width-initial elementor-widget elementor-widget-video\" data-id=\"c41b9d8\" data-element_type=\"widget\" data-e-type=\"widget\" data-settings=\"{&quot;video_type&quot;:&quot;hosted&quot;,&quot;controls&quot;:&quot;yes&quot;}\" data-widget_type=\"video.default\">\n\t\t\t\t\t\t\t<div class=\"e-hosted-video elementor-wrapper elementor-open-inline\">\n\t\t\t\t\t<video class=\"elementor-video\" src=\"https:\/\/zetcreativo.com\/wp-content\/uploads\/2026\/03\/v10044g50000d4fs4a7og65mi9qntjf0.mp4\" controls=\"\" preload=\"metadata\" controlsList=\"nodownload\"><\/video>\n\t\t\t\t<\/div>\n\t\t\t\t\t\t<\/div>\n\t\t\t\t\t<\/div>\n\t\t<\/div>\n\t\t\t\t\t<\/div>\n\t\t<\/section>\n\t\t\t\t<section class=\"elementor-section elementor-top-section elementor-element elementor-element-ecaac29 elementor-section-boxed elementor-section-height-default elementor-section-height-default\" data-id=\"ecaac29\" data-element_type=\"section\" data-e-type=\"section\">\n\t\t\t\t\t\t<div class=\"elementor-container elementor-column-gap-default\">\n\t\t\t\t\t<div class=\"elementor-column elementor-col-50 elementor-top-column elementor-element elementor-element-edfd0a0\" data-id=\"edfd0a0\" data-element_type=\"column\" data-e-type=\"column\">\n\t\t\t<div class=\"elementor-widget-wrap elementor-element-populated\">\n\t\t\t\t\t\t<div class=\"elementor-element elementor-element-52befb2 elementor-widget__width-initial elementor-widget elementor-widget-video\" data-id=\"52befb2\" data-element_type=\"widget\" data-e-type=\"widget\" data-settings=\"{&quot;video_type&quot;:&quot;hosted&quot;,&quot;controls&quot;:&quot;yes&quot;}\" data-widget_type=\"video.default\">\n\t\t\t\t\t\t\t<div class=\"e-hosted-video elementor-wrapper elementor-open-inline\">\n\t\t\t\t\t<video class=\"elementor-video\" src=\"https:\/\/zetcreativo.com\/wp-content\/uploads\/2026\/03\/San-Valentin-CM.mp4\" controls=\"\" preload=\"metadata\" controlsList=\"nodownload\"><\/video>\n\t\t\t\t<\/div>\n\t\t\t\t\t\t<\/div>\n\t\t\t\t\t<\/div>\n\t\t<\/div>\n\t\t\t\t<div class=\"elementor-column elementor-col-50 elementor-top-column elementor-element elementor-element-36ae42a\" data-id=\"36ae42a\" data-element_type=\"column\" data-e-type=\"column\">\n\t\t\t<div class=\"elementor-widget-wrap elementor-element-populated\">\n\t\t\t\t\t\t<div class=\"elementor-element elementor-element-04d80cc elementor-widget__width-initial elementor-widget elementor-widget-video\" data-id=\"04d80cc\" data-element_type=\"widget\" data-e-type=\"widget\" data-settings=\"{&quot;video_type&quot;:&quot;hosted&quot;,&quot;controls&quot;:&quot;yes&quot;}\" data-widget_type=\"video.default\">\n\t\t\t\t\t\t\t<div class=\"e-hosted-video elementor-wrapper elementor-open-inline\">\n\t\t\t\t\t<video class=\"elementor-video\" src=\"https:\/\/zetcreativo.com\/wp-content\/uploads\/2026\/03\/v14044g50000d348u37og65m6erc5j7g.mp4\" controls=\"\" preload=\"metadata\" controlsList=\"nodownload\"><\/video>\n\t\t\t\t<\/div>\n\t\t\t\t\t\t<\/div>\n\t\t\t\t\t<\/div>\n\t\t<\/div>\n\t\t\t\t\t<\/div>\n\t\t<\/section>\n\t\t\t\t<section class=\"elementor-section elementor-top-section elementor-element elementor-element-68f9e99 elementor-section-boxed elementor-section-height-default elementor-section-height-default\" data-id=\"68f9e99\" data-element_type=\"section\" data-e-type=\"section\">\n\t\t\t\t\t\t<div class=\"elementor-container elementor-column-gap-default\">\n\t\t\t\t\t<div class=\"elementor-column elementor-col-50 elementor-top-column elementor-element elementor-element-3147231\" data-id=\"3147231\" data-element_type=\"column\" data-e-type=\"column\">\n\t\t\t<div class=\"elementor-widget-wrap elementor-element-populated\">\n\t\t\t\t\t\t<div class=\"elementor-element elementor-element-2876a50 elementor-widget__width-initial elementor-widget elementor-widget-video\" data-id=\"2876a50\" data-element_type=\"widget\" data-e-type=\"widget\" data-settings=\"{&quot;video_type&quot;:&quot;hosted&quot;,&quot;controls&quot;:&quot;yes&quot;}\" data-widget_type=\"video.default\">\n\t\t\t\t\t\t\t<div class=\"e-hosted-video elementor-wrapper elementor-open-inline\">\n\t\t\t\t\t<video class=\"elementor-video\" src=\"https:\/\/zetcreativo.com\/wp-content\/uploads\/2026\/03\/La-Ciudad-foto-prod.mp4\" controls=\"\" preload=\"metadata\" controlsList=\"nodownload\"><\/video>\n\t\t\t\t<\/div>\n\t\t\t\t\t\t<\/div>\n\t\t\t\t\t<\/div>\n\t\t<\/div>\n\t\t\t\t<div class=\"elementor-column elementor-col-50 elementor-top-column elementor-element elementor-element-55d5f45\" data-id=\"55d5f45\" data-element_type=\"column\" data-e-type=\"column\">\n\t\t\t<div class=\"elementor-widget-wrap elementor-element-populated\">\n\t\t\t\t\t\t<div class=\"elementor-element elementor-element-2e07e68 elementor-widget__width-initial elementor-widget elementor-widget-video\" data-id=\"2e07e68\" data-element_type=\"widget\" data-e-type=\"widget\" data-settings=\"{&quot;video_type&quot;:&quot;hosted&quot;,&quot;controls&quot;:&quot;yes&quot;}\" data-widget_type=\"video.default\">\n\t\t\t\t\t\t\t<div class=\"e-hosted-video elementor-wrapper elementor-open-inline\">\n\t\t\t\t\t<video class=\"elementor-video\" src=\"https:\/\/zetcreativo.com\/wp-content\/uploads\/2026\/03\/v14044g50000d0kig4nog65kit7vme1g.mp4\" controls=\"\" preload=\"metadata\" controlsList=\"nodownload\"><\/video>\n\t\t\t\t<\/div>\n\t\t\t\t\t\t<\/div>\n\t\t\t\t\t<\/div>\n\t\t<\/div>\n\t\t\t\t\t<\/div>\n\t\t<\/section>\n\t\t\t\t<\/div>\n\t\t","protected":false},"excerpt":{"rendered":"<p>VIDEO DE PRODUCTO PARA REDES SOCIALES (CORTA DURACION) Si deseas capturar la atenci\u00f3n de tus clientes, siempre el uso de videos es una herramienta b\u00e1sica y relevante en publicidad. Son m\u00e1s atractivos m\u00e1s visualmente y en segundos puedes lograr atraerlos hacia tu producto o servicio. En redes sociales tiene mayor alcance.&nbsp; https:\/\/zetcreativo.com\/wp-content\/uploads\/2025\/02\/v09044g40000cujf0ofog65iu9rd5ecg.mp4https:\/\/zetcreativo.com\/wp-content\/uploads\/2025\/02\/v09044g40000ctr1rcnog65vaef29mk0.mp4https:\/\/zetcreativo.com\/wp-content\/uploads\/2025\/02\/v09044g40000cto4o2vog65h0k61uoeg.mp4https:\/\/zetcreativo.com\/wp-content\/uploads\/2025\/02\/v09044g40000crp52bnog65jkg7blji0.mp4https:\/\/zetcreativo.com\/wp-content\/uploads\/2026\/03\/v09044g40000csqoehnog65h1c3dbthg.mp4https:\/\/zetcreativo.com\/wp-content\/uploads\/2026\/03\/v10044g50000d4fs4a7og65mi9qntjf0.mp4https:\/\/zetcreativo.com\/wp-content\/uploads\/2026\/03\/San-Valentin-CM.mp4https:\/\/zetcreativo.com\/wp-content\/uploads\/2026\/03\/v14044g50000d348u37og65m6erc5j7g.mp4https:\/\/zetcreativo.com\/wp-content\/uploads\/2026\/03\/La-Ciudad-foto-prod.mp4https:\/\/zetcreativo.com\/wp-content\/uploads\/2026\/03\/v14044g50000d0kig4nog65kit7vme1g.mp4<\/p>\n","protected":false},"author":1,"featured_media":0,"parent":0,"menu_order":0,"comment_status":"closed","ping_status":"closed","template":"elementor_header_footer","meta":{"om_disable_all_campaigns":false,"_monsterinsights_skip_tracking":false,"_monsterinsights_sitenote_active":false,"_monsterinsights_sitenote_note":"","_monsterinsights_sitenote_category":0,"footnotes":""},"class_list":["post-1045","page","type-page","status-publish","hentry"],"yoast_head":"<!-- This site is optimized with the Yoast SEO Premium plugin v27.1 (Yoast SEO v27.1.1) - https:\/\/yoast.com\/product\/yoast-seo-premium-wordpress\/ -->\n<title>VIDEO DE PRODUCTO PARA REDES SOCIALES -<\/title>\n<meta name=\"description\" content=\"Videos de corta duraci\u00f3n para productos, videos comerciales para redes sociales, videos corporativos informativos para presentaciones\" \/>\n<meta name=\"robots\" content=\"index, follow, max-snippet:-1, max-image-preview:large, max-video-preview:-1\" \/>\n<link rel=\"canonical\" href=\"https:\/\/zetcreativo.com\/index.php\/video-de-producto-para-redes-sociales\/\" \/>\n<meta property=\"og:locale\" content=\"en_US\" \/>\n<meta property=\"og:type\" content=\"article\" \/>\n<meta property=\"og:title\" content=\"VIDEO DE PRODUCTO PARA REDES SOCIALES\" \/>\n<meta property=\"og:description\" content=\"Videos de corta duraci\u00f3n para productos, videos comerciales para redes sociales, videos corporativos informativos para presentaciones\" \/>\n<meta property=\"og:url\" content=\"https:\/\/zetcreativo.com\/index.php\/video-de-producto-para-redes-sociales\/\" \/>\n<meta property=\"article:publisher\" content=\"https:\/\/www.facebook.com\/zetcreativomx\" \/>\n<meta property=\"article:modified_time\" content=\"2026-03-04T05:32:39+00:00\" \/>\n<meta name=\"twitter:card\" content=\"summary_large_image\" \/>\n<meta name=\"twitter:label1\" content=\"Est. reading time\" \/>\n\t<meta name=\"twitter:data1\" content=\"1 minute\" \/>\n<script type=\"application\/ld+json\" class=\"yoast-schema-graph\">{\"@context\":\"https:\/\/schema.org\",\"@graph\":[{\"@type\":\"WebPage\",\"@id\":\"https:\/\/zetcreativo.com\/index.php\/video-de-producto-para-redes-sociales\/\",\"url\":\"https:\/\/zetcreativo.com\/index.php\/video-de-producto-para-redes-sociales\/\",\"name\":\"VIDEO DE PRODUCTO PARA REDES SOCIALES -\",\"isPartOf\":{\"@id\":\"https:\/\/zetcreativo.com\/#website\"},\"datePublished\":\"2025-02-16T05:55:43+00:00\",\"dateModified\":\"2026-03-04T05:32:39+00:00\",\"description\":\"Videos de corta duraci\u00f3n para productos, videos comerciales para redes sociales, videos corporativos informativos para presentaciones\",\"breadcrumb\":{\"@id\":\"https:\/\/zetcreativo.com\/index.php\/video-de-producto-para-redes-sociales\/#breadcrumb\"},\"inLanguage\":\"en-US\",\"potentialAction\":[{\"@type\":\"ReadAction\",\"target\":[\"https:\/\/zetcreativo.com\/index.php\/video-de-producto-para-redes-sociales\/\"]}]},{\"@type\":\"BreadcrumbList\",\"@id\":\"https:\/\/zetcreativo.com\/index.php\/video-de-producto-para-redes-sociales\/#breadcrumb\",\"itemListElement\":[{\"@type\":\"ListItem\",\"position\":1,\"name\":\"Inicio\",\"item\":\"https:\/\/zetcreativo.com\/\"},{\"@type\":\"ListItem\",\"position\":2,\"name\":\"VIDEO DE PRODUCTO PARA REDES SOCIALES\"}]},{\"@type\":\"WebSite\",\"@id\":\"https:\/\/zetcreativo.com\/#website\",\"url\":\"https:\/\/zetcreativo.com\/\",\"name\":\"www.zetcreativo.com\",\"description\":\"\",\"publisher\":{\"@id\":\"https:\/\/zetcreativo.com\/#organization\"},\"potentialAction\":[{\"@type\":\"SearchAction\",\"target\":{\"@type\":\"EntryPoint\",\"urlTemplate\":\"https:\/\/zetcreativo.com\/?s={search_term_string}\"},\"query-input\":{\"@type\":\"PropertyValueSpecification\",\"valueRequired\":true,\"valueName\":\"search_term_string\"}}],\"inLanguage\":\"en-US\"},{\"@type\":\"Organization\",\"@id\":\"https:\/\/zetcreativo.com\/#organization\",\"name\":\"Zet Creativo\",\"url\":\"https:\/\/zetcreativo.com\/\",\"logo\":{\"@type\":\"ImageObject\",\"inLanguage\":\"en-US\",\"@id\":\"https:\/\/zetcreativo.com\/#\/schema\/logo\/image\/\",\"url\":\"https:\/\/zetcreativo.com\/wp-content\/uploads\/2023\/03\/Icono-blanco-512x512-1.png\",\"contentUrl\":\"https:\/\/zetcreativo.com\/wp-content\/uploads\/2023\/03\/Icono-blanco-512x512-1.png\",\"width\":512,\"height\":512,\"caption\":\"Zet Creativo\"},\"image\":{\"@id\":\"https:\/\/zetcreativo.com\/#\/schema\/logo\/image\/\"},\"sameAs\":[\"https:\/\/www.facebook.com\/zetcreativomx\"]}]}<\/script>\n<!-- \/ Yoast SEO Premium plugin. -->","yoast_head_json":{"title":"VIDEO DE PRODUCTO PARA REDES SOCIALES -","description":"Videos de corta duraci\u00f3n para productos, videos comerciales para redes sociales, videos corporativos informativos para presentaciones","robots":{"index":"index","follow":"follow","max-snippet":"max-snippet:-1","max-image-preview":"max-image-preview:large","max-video-preview":"max-video-preview:-1"},"canonical":"https:\/\/zetcreativo.com\/index.php\/video-de-producto-para-redes-sociales\/","og_locale":"en_US","og_type":"article","og_title":"VIDEO DE PRODUCTO PARA REDES SOCIALES","og_description":"Videos de corta duraci\u00f3n para productos, videos comerciales para redes sociales, videos corporativos informativos para presentaciones","og_url":"https:\/\/zetcreativo.com\/index.php\/video-de-producto-para-redes-sociales\/","article_publisher":"https:\/\/www.facebook.com\/zetcreativomx","article_modified_time":"2026-03-04T05:32:39+00:00","twitter_card":"summary_large_image","twitter_misc":{"Est. reading time":"1 minute"},"schema":{"@context":"https:\/\/schema.org","@graph":[{"@type":"WebPage","@id":"https:\/\/zetcreativo.com\/index.php\/video-de-producto-para-redes-sociales\/","url":"https:\/\/zetcreativo.com\/index.php\/video-de-producto-para-redes-sociales\/","name":"VIDEO DE PRODUCTO PARA REDES SOCIALES -","isPartOf":{"@id":"https:\/\/zetcreativo.com\/#website"},"datePublished":"2025-02-16T05:55:43+00:00","dateModified":"2026-03-04T05:32:39+00:00","description":"Videos de corta duraci\u00f3n para productos, videos comerciales para redes sociales, videos corporativos informativos para presentaciones","breadcrumb":{"@id":"https:\/\/zetcreativo.com\/index.php\/video-de-producto-para-redes-sociales\/#breadcrumb"},"inLanguage":"en-US","potentialAction":[{"@type":"ReadAction","target":["https:\/\/zetcreativo.com\/index.php\/video-de-producto-para-redes-sociales\/"]}]},{"@type":"BreadcrumbList","@id":"https:\/\/zetcreativo.com\/index.php\/video-de-producto-para-redes-sociales\/#breadcrumb","itemListElement":[{"@type":"ListItem","position":1,"name":"Inicio","item":"https:\/\/zetcreativo.com\/"},{"@type":"ListItem","position":2,"name":"VIDEO DE PRODUCTO PARA REDES SOCIALES"}]},{"@type":"WebSite","@id":"https:\/\/zetcreativo.com\/#website","url":"https:\/\/zetcreativo.com\/","name":"www.zetcreativo.com","description":"","publisher":{"@id":"https:\/\/zetcreativo.com\/#organization"},"potentialAction":[{"@type":"SearchAction","target":{"@type":"EntryPoint","urlTemplate":"https:\/\/zetcreativo.com\/?s={search_term_string}"},"query-input":{"@type":"PropertyValueSpecification","valueRequired":true,"valueName":"search_term_string"}}],"inLanguage":"en-US"},{"@type":"Organization","@id":"https:\/\/zetcreativo.com\/#organization","name":"Zet Creativo","url":"https:\/\/zetcreativo.com\/","logo":{"@type":"ImageObject","inLanguage":"en-US","@id":"https:\/\/zetcreativo.com\/#\/schema\/logo\/image\/","url":"https:\/\/zetcreativo.com\/wp-content\/uploads\/2023\/03\/Icono-blanco-512x512-1.png","contentUrl":"https:\/\/zetcreativo.com\/wp-content\/uploads\/2023\/03\/Icono-blanco-512x512-1.png","width":512,"height":512,"caption":"Zet Creativo"},"image":{"@id":"https:\/\/zetcreativo.com\/#\/schema\/logo\/image\/"},"sameAs":["https:\/\/www.facebook.com\/zetcreativomx"]}]}},"jetpack_sharing_enabled":true,"_links":{"self":[{"href":"https:\/\/zetcreativo.com\/index.php\/wp-json\/wp\/v2\/pages\/1045","targetHints":{"allow":["GET"]}}],"collection":[{"href":"https:\/\/zetcreativo.com\/index.php\/wp-json\/wp\/v2\/pages"}],"about":[{"href":"https:\/\/zetcreativo.com\/index.php\/wp-json\/wp\/v2\/types\/page"}],"author":[{"embeddable":true,"href":"https:\/\/zetcreativo.com\/index.php\/wp-json\/wp\/v2\/users\/1"}],"replies":[{"embeddable":true,"href":"https:\/\/zetcreativo.com\/index.php\/wp-json\/wp\/v2\/comments?post=1045"}],"version-history":[{"count":19,"href":"https:\/\/zetcreativo.com\/index.php\/wp-json\/wp\/v2\/pages\/1045\/revisions"}],"predecessor-version":[{"id":1418,"href":"https:\/\/zetcreativo.com\/index.php\/wp-json\/wp\/v2\/pages\/1045\/revisions\/1418"}],"wp:attachment":[{"href":"https:\/\/zetcreativo.com\/index.php\/wp-json\/wp\/v2\/media?parent=1045"}],"curies":[{"name":"wp","href":"https:\/\/api.w.org\/{rel}","templated":true}]}}